{"id":1021,"date":"2024-12-21T15:33:02","date_gmt":"2024-12-21T14:33:02","guid":{"rendered":"https:\/\/festyggdrasil.fr\/?page_id=1021"},"modified":"2025-01-13T14:39:04","modified_gmt":"2025-01-13T13:39:04","slug":"the-fairydina","status":"publish","type":"page","link":"https:\/\/festyggdrasil.fr\/index.php\/fy25-les-invites\/the-fairydina\/","title":{"rendered":"The FairyDina"},"content":{"rendered":"\t\t<div data-elementor-type=\"wp-page\" data-elementor-id=\"1021\" class=\"elementor elementor-1021\" data-elementor-settings=\"{&quot;ha_cmc_init_switcher&quot;:&quot;no&quot;}\" data-elementor-post-type=\"page\">\n\t\t\t\t<div class=\"elementor-element elementor-element-1d1153b e-flex e-con-boxed e-con e-parent\" data-id=\"1d1153b\" data-element_type=\"container\" data-e-type=\"container\" data-settings=\"{&quot;background_background&quot;:&quot;classic&quot;,&quot;_ha_eqh_enable&quot;:false}\">\n\t\t\t\t\t<div class=\"e-con-inner\">\n\t\t<div class=\"elementor-element elementor-element-fc6b048 e-con-full e-flex e-con e-child\" data-id=\"fc6b048\" data-element_type=\"container\" data-e-type=\"container\" data-settings=\"{&quot;_ha_eqh_enable&quot;:false}\">\n\t\t\t\t<div class=\"elementor-element elementor-element-5349b2d elementor-widget elementor-widget-heading\" data-id=\"5349b2d\" data-element_type=\"widget\" data-e-type=\"widget\" data-widget_type=\"heading.default\">\n\t\t\t\t<div class=\"elementor-widget-container\">\n\t\t\t\t\t<h2 class=\"elementor-heading-title elementor-size-default\">The FairyDina<\/h2>\t\t\t\t<\/div>\n\t\t\t\t<\/div>\n\t\t\t\t<div class=\"elementor-element elementor-element-29b27fb elementor-widget elementor-widget-heading\" data-id=\"29b27fb\" data-element_type=\"widget\" data-e-type=\"widget\" data-widget_type=\"heading.default\">\n\t\t\t\t<div class=\"elementor-widget-container\">\n\t\t\t\t\t<h3 class=\"elementor-heading-title elementor-size-default\">La championne olympique de JustDance<\/h3>\t\t\t\t<\/div>\n\t\t\t\t<\/div>\n\t\t\t\t<\/div>\n\t\t<div class=\"elementor-element elementor-element-128db5e e-con-full e-flex e-con e-child\" data-id=\"128db5e\" data-element_type=\"container\" data-e-type=\"container\" data-settings=\"{&quot;_ha_eqh_enable&quot;:false}\">\n\t\t\t\t<div class=\"elementor-element elementor-element-0570828 elementor-widget elementor-widget-image\" data-id=\"0570828\" data-element_type=\"widget\" data-e-type=\"widget\" data-widget_type=\"image.default\">\n\t\t\t\t<div class=\"elementor-widget-container\">\n\t\t\t\t\t\t\t\t\t\t\t\t\t\t\t<img fetchpriority=\"high\" decoding=\"async\" width=\"800\" height=\"800\" src=\"https:\/\/festyggdrasil.fr\/wp-content\/uploads\/2024\/12\/invites-15-The-FairyDina-1.png\" class=\"attachment-large size-large wp-image-27594\" alt=\"\" srcset=\"https:\/\/festyggdrasil.fr\/wp-content\/uploads\/2024\/12\/invites-15-The-FairyDina-1.png 1080w, https:\/\/festyggdrasil.fr\/wp-content\/uploads\/2024\/12\/invites-15-The-FairyDina-1-500x500.png 500w, https:\/\/festyggdrasil.fr\/wp-content\/uploads\/2024\/12\/invites-15-The-FairyDina-1-300x300.png 300w, https:\/\/festyggdrasil.fr\/wp-content\/uploads\/2024\/12\/invites-15-The-FairyDina-1-768x768.png 768w, https:\/\/festyggdrasil.fr\/wp-content\/uploads\/2024\/12\/invites-15-The-FairyDina-1-150x150.png 150w, https:\/\/festyggdrasil.fr\/wp-content\/uploads\/2024\/12\/invites-15-The-FairyDina-1-75x75.png 75w, https:\/\/festyggdrasil.fr\/wp-content\/uploads\/2024\/12\/invites-15-The-FairyDina-1-700x700.png 700w\" sizes=\"(max-width: 800px) 100vw, 800px\" \/>\t\t\t\t\t\t\t\t\t\t\t\t\t\t\t<\/div>\n\t\t\t\t<\/div>\n\t\t\t\t<\/div>\n\t\t<div class=\"elementor-element elementor-element-63d52d1 e-con-full e-flex e-con e-child\" data-id=\"63d52d1\" data-element_type=\"container\" data-e-type=\"container\" data-settings=\"{&quot;_ha_eqh_enable&quot;:false}\">\n\t\t\t\t<div class=\"elementor-element elementor-element-fcb663a elementor-widget elementor-widget-text-editor\" data-id=\"fcb663a\" data-element_type=\"widget\" data-e-type=\"widget\" data-widget_type=\"text-editor.default\">\n\t\t\t\t<div class=\"elementor-widget-container\">\n\t\t\t\t\t\t\t\t\t<p>The FairyDina est la championne olympique, triple championne de France et vice-championne du monde du jeu vid\u00e9o <strong>Just Dance<\/strong>. Nous aurons le plaisir de la voir se produire sur sc\u00e8ne. Cr\u00e9atrice de contenu depuis plus de 8 ans elle compte plus de\u00a0<span class=\"wixui-rich-text__text\"><span class=\"color_15 wixui-rich-text__text\">240K abonn\u00e9s sur YouTube et plus de 135K abonn\u00e9s sur les r\u00e9seaux sociaux.<\/span><\/span><\/p>\t\t\t\t\t\t\t\t<\/div>\n\t\t\t\t<\/div>\n\t\t\t\t<\/div>\n\t\t\t\t\t<\/div>\n\t\t\t\t<\/div>\n\t\t\t\t<\/div>\n\t\t","protected":false},"excerpt":{"rendered":"<p>The FairyDina La championne olympique de JustDance The FairyDina est la championne olympique, triple championne de France et vice-championne du monde du jeu vid\u00e9o Just Dance. Nous aurons le plaisir de la voir se produire sur sc\u00e8ne. Cr\u00e9atrice de contenu depuis plus de 8 ans elle compte plus de\u00a0240K abonn\u00e9s sur YouTube et plus de [&hellip;]<\/p>\n","protected":false},"author":2,"featured_media":27594,"parent":894,"menu_order":0,"comment_status":"closed","ping_status":"closed","template":"template-blank.php","meta":{"footnotes":""},"wf_page_folders":[30],"class_list":["post-1021","page","type-page","status-publish","has-post-thumbnail","hentry"],"_links":{"self":[{"href":"https:\/\/festyggdrasil.fr\/index.php\/wp-json\/wp\/v2\/pages\/1021","targetHints":{"allow":["GET"]}}],"collection":[{"href":"https:\/\/festyggdrasil.fr\/index.php\/wp-json\/wp\/v2\/pages"}],"about":[{"href":"https:\/\/festyggdrasil.fr\/index.php\/wp-json\/wp\/v2\/types\/page"}],"author":[{"embeddable":true,"href":"https:\/\/festyggdrasil.fr\/index.php\/wp-json\/wp\/v2\/users\/2"}],"replies":[{"embeddable":true,"href":"https:\/\/festyggdrasil.fr\/index.php\/wp-json\/wp\/v2\/comments?post=1021"}],"version-history":[{"count":11,"href":"https:\/\/festyggdrasil.fr\/index.php\/wp-json\/wp\/v2\/pages\/1021\/revisions"}],"predecessor-version":[{"id":28880,"href":"https:\/\/festyggdrasil.fr\/index.php\/wp-json\/wp\/v2\/pages\/1021\/revisions\/28880"}],"up":[{"embeddable":true,"href":"https:\/\/festyggdrasil.fr\/index.php\/wp-json\/wp\/v2\/pages\/894"}],"wp:featuredmedia":[{"embeddable":true,"href":"https:\/\/festyggdrasil.fr\/index.php\/wp-json\/wp\/v2\/media\/27594"}],"wp:attachment":[{"href":"https:\/\/festyggdrasil.fr\/index.php\/wp-json\/wp\/v2\/media?parent=1021"}],"wp:term":[{"taxonomy":"wf_page_folders","embeddable":true,"href":"https:\/\/festyggdrasil.fr\/index.php\/wp-json\/wp\/v2\/wf_page_folders?post=1021"}],"curies":[{"name":"wp","href":"https:\/\/api.w.org\/{rel}","templated":true}]}}