{"id":27545,"date":"2024-12-21T18:04:49","date_gmt":"2024-12-21T17:04:49","guid":{"rendered":"https:\/\/festyggdrasil.fr\/?page_id=27545"},"modified":"2025-06-12T14:43:58","modified_gmt":"2025-06-12T12:43:58","slug":"fdc24-les-createurs","status":"publish","type":"page","link":"https:\/\/festyggdrasil.fr\/index.php\/acceuil-ffl3\/fdc24-les-createurs\/","title":{"rendered":"Les cr\u00e9ateurs FFL"},"content":{"rendered":"\t\t<div data-elementor-type=\"wp-page\" data-elementor-id=\"27545\" class=\"elementor elementor-27545\" data-elementor-settings=\"{&quot;ha_cmc_init_switcher&quot;:&quot;no&quot;}\" data-elementor-post-type=\"page\">\n\t\t\t\t<div class=\"elementor-element elementor-element-2f20014 bloc-fantasy1 e-flex e-con-boxed e-con e-parent\" data-id=\"2f20014\" data-element_type=\"container\" data-e-type=\"container\" data-settings=\"{&quot;_ha_eqh_enable&quot;:false}\">\n\t\t\t\t\t<div class=\"e-con-inner\">\n\t\t<div class=\"elementor-element elementor-element-c5e1b1c e-con-full container1 e-flex e-con e-child\" data-id=\"c5e1b1c\" data-element_type=\"container\" data-e-type=\"container\" data-settings=\"{&quot;background_background&quot;:&quot;classic&quot;,&quot;_ha_eqh_enable&quot;:false}\">\n\t\t\t\t<div class=\"elementor-element elementor-element-b83777b elementor-widget elementor-widget-heading\" data-id=\"b83777b\" data-element_type=\"widget\" data-e-type=\"widget\" data-widget_type=\"heading.default\">\n\t\t\t\t<div class=\"elementor-widget-container\">\n\t\t\t\t\t<h2 class=\"elementor-heading-title elementor-size-default\">Les cr\u00e9ateurs pr\u00e9sent au festival<\/h2>\t\t\t\t<\/div>\n\t\t\t\t<\/div>\n\t\t\t\t<div class=\"elementor-element elementor-element-624b729 elementor-widget elementor-widget-heading\" data-id=\"624b729\" data-element_type=\"widget\" data-e-type=\"widget\" data-widget_type=\"heading.default\">\n\t\t\t\t<div class=\"elementor-widget-container\">\n\t\t\t\t\t<h6 class=\"elementor-heading-title elementor-size-default\">Cr\u00e9er du r\u00eave c'est leur m\u00e9tier !<\/h6>\t\t\t\t<\/div>\n\t\t\t\t<\/div>\n\t\t\t\t<div class=\"elementor-element elementor-element-e421847 elementor-widget elementor-widget-text-editor\" data-id=\"e421847\" data-element_type=\"widget\" data-e-type=\"widget\" data-widget_type=\"text-editor.default\">\n\t\t\t\t<div class=\"elementor-widget-container\">\n\t\t\t\t\t\t\t\t\t<p data-start=\"126\" data-end=\"868\">D\u00e9couvrez un <strong data-start=\"61\" data-end=\"83\">village d\u2019artisans<\/strong> o\u00f9 se c\u00f4toient objets enchant\u00e9s et cr\u00e9ations uniques ! Que vous cherchiez <strong data-start=\"158\" data-end=\"178\">bijoux f\u00e9eriques<\/strong>, <strong data-start=\"180\" data-end=\"201\">grimoires anciens<\/strong> ou <strong data-start=\"205\" data-end=\"229\">potions myst\u00e9rieuses<\/strong>, chaque \u00e9tal regorge de tr\u00e9sors fa\u00e7onn\u00e9s \u00e0 la main. Aventuriers, sorciers ou simples r\u00eaveurs, laissez-vous s\u00e9duire par les <strong data-start=\"353\" data-end=\"389\">merveilles du Festival Yggdrasil<\/strong> et emportez avec vous un peu de magie !\u00a0<\/p>\t\t\t\t\t\t\t\t<\/div>\n\t\t\t\t<\/div>\n\t\t\t\t<div class=\"elementor-element elementor-element-e45a281 elementor-widget__width-initial elementor-widget-mobile__width-initial elementor-widget elementor-widget-html\" data-id=\"e45a281\" data-element_type=\"widget\" data-e-type=\"widget\" data-widget_type=\"html.default\">\n\t\t\t\t<div class=\"elementor-widget-container\">\n\t\t\t\t\t<iframe width=\"100%\" height=\"20800\" frameborder=\"0\" marginheight=\"0\" marginwidth=\"0\" src=\"https:\/\/orgexpo.fr\/orga\/listExposant.php?id=nRYDconEa0\"><\/iframe>\t\t\t\t<\/div>\n\t\t\t\t<\/div>\n\t\t\t\t<\/div>\n\t\t\t\t\t<\/div>\n\t\t\t\t<\/div>\n\t\t\t\t<\/div>\n\t\t","protected":false},"excerpt":{"rendered":"<p>Les cr\u00e9ateurs pr\u00e9sent au festival Cr\u00e9er du r\u00eave c&rsquo;est leur m\u00e9tier ! D\u00e9couvrez un village d\u2019artisans o\u00f9 se c\u00f4toient objets enchant\u00e9s et cr\u00e9ations uniques ! Que vous cherchiez bijoux f\u00e9eriques, grimoires anciens ou potions myst\u00e9rieuses, chaque \u00e9tal regorge de tr\u00e9sors fa\u00e7onn\u00e9s \u00e0 la main. Aventuriers, sorciers ou simples r\u00eaveurs, laissez-vous s\u00e9duire par les merveilles du [&hellip;]<\/p>\n","protected":false},"author":2,"featured_media":0,"parent":31687,"menu_order":0,"comment_status":"open","ping_status":"closed","template":"","meta":{"footnotes":""},"wf_page_folders":[38],"class_list":["post-27545","page","type-page","status-publish","hentry"],"_links":{"self":[{"href":"https:\/\/festyggdrasil.fr\/index.php\/wp-json\/wp\/v2\/pages\/27545","targetHints":{"allow":["GET"]}}],"collection":[{"href":"https:\/\/festyggdrasil.fr\/index.php\/wp-json\/wp\/v2\/pages"}],"about":[{"href":"https:\/\/festyggdrasil.fr\/index.php\/wp-json\/wp\/v2\/types\/page"}],"author":[{"embeddable":true,"href":"https:\/\/festyggdrasil.fr\/index.php\/wp-json\/wp\/v2\/users\/2"}],"replies":[{"embeddable":true,"href":"https:\/\/festyggdrasil.fr\/index.php\/wp-json\/wp\/v2\/comments?post=27545"}],"version-history":[{"count":27,"href":"https:\/\/festyggdrasil.fr\/index.php\/wp-json\/wp\/v2\/pages\/27545\/revisions"}],"predecessor-version":[{"id":33466,"href":"https:\/\/festyggdrasil.fr\/index.php\/wp-json\/wp\/v2\/pages\/27545\/revisions\/33466"}],"up":[{"embeddable":true,"href":"https:\/\/festyggdrasil.fr\/index.php\/wp-json\/wp\/v2\/pages\/31687"}],"wp:attachment":[{"href":"https:\/\/festyggdrasil.fr\/index.php\/wp-json\/wp\/v2\/media?parent=27545"}],"wp:term":[{"taxonomy":"wf_page_folders","embeddable":true,"href":"https:\/\/festyggdrasil.fr\/index.php\/wp-json\/wp\/v2\/wf_page_folders?post=27545"}],"curies":[{"name":"wp","href":"https:\/\/api.w.org\/{rel}","templated":true}]}}