{"id":29149,"date":"2025-03-04T13:27:20","date_gmt":"2025-03-04T12:27:20","guid":{"rendered":"https:\/\/festyggdrasil.fr\/?page_id=29149"},"modified":"2025-05-06T15:36:23","modified_gmt":"2025-05-06T13:36:23","slug":"devenir-stagiaire-en-creation-de-decors","status":"publish","type":"page","link":"https:\/\/festyggdrasil.fr\/index.php\/home\/devenir-stagiaire-en-creation-de-decors\/","title":{"rendered":"Devenir stagiaire en cr\u00e9ation de d\u00e9cors"},"content":{"rendered":"\t\t<div data-elementor-type=\"wp-page\" data-elementor-id=\"29149\" class=\"elementor elementor-29149\" data-elementor-settings=\"{&quot;ha_cmc_init_switcher&quot;:&quot;no&quot;}\" data-elementor-post-type=\"page\">\n\t\t\t\t<div class=\"elementor-element elementor-element-62785974 e-con-full e-flex e-con e-parent\" data-id=\"62785974\" data-element_type=\"container\" data-e-type=\"container\" data-settings=\"{&quot;background_background&quot;:&quot;classic&quot;,&quot;_ha_eqh_enable&quot;:false}\">\n\t\t<div class=\"elementor-element elementor-element-7317ba06 e-con-full e-flex e-con e-child\" data-id=\"7317ba06\" data-element_type=\"container\" data-e-type=\"container\" data-settings=\"{&quot;_ha_eqh_enable&quot;:false}\">\n\t\t\t\t<div class=\"elementor-element elementor-element-567dc110 elementor-widget__width-inherit elementor-widget elementor-widget-heading\" data-id=\"567dc110\" data-element_type=\"widget\" data-e-type=\"widget\" data-widget_type=\"heading.default\">\n\t\t\t\t<div class=\"elementor-widget-container\">\n\t\t\t\t\t<h1 class=\"elementor-heading-title elementor-size-default\">Devenir stagiaire en cr\u00e9ation de d\u00e9cors chez Festival Yggdrasil<\/h1>\t\t\t\t<\/div>\n\t\t\t\t<\/div>\n\t\t\t\t<div class=\"elementor-element elementor-element-3261b5d0 elementor-widget elementor-widget-text-editor\" data-id=\"3261b5d0\" data-element_type=\"widget\" data-e-type=\"widget\" data-widget_type=\"text-editor.default\">\n\t\t\t\t<div class=\"elementor-widget-container\">\n\t\t\t\t\t\t\t\t\t<p data-start=\"79\" data-end=\"495\">Le <strong data-start=\"82\" data-end=\"104\">festival Yggdrasil<\/strong>, c\u2019est bien plus qu\u2019un \u00e9v\u00e9nement : c\u2019est une porte ouverte vers les mondes de l\u2019imaginaire, un lieu o\u00f9 se croisent passionn\u00e9s de <strong data-start=\"234\" data-end=\"254\">geek-pop-culture<\/strong>, cr\u00e9atures fantastiques et aventuriers en qu\u00eate d\u2019\u00e9merveillement. Chaque ann\u00e9e, plus de <strong data-start=\"343\" data-end=\"363\">30 000 visiteurs<\/strong> se laissent transporter par cette exp\u00e9rience immersive, et notre mission est de leur offrir un spectacle toujours plus grandiose.<\/p><p data-start=\"497\" data-end=\"581\">Votre mission ? Transformer le festival en un d\u00e9cor \u00e9poustouflant qui transporte les visiteurs dans d\u2019autres dimensions !<\/p>\t\t\t\t\t\t\t\t<\/div>\n\t\t\t\t<\/div>\n\t\t\t\t<\/div>\n\t\t\t\t<\/div>\n\t\t<div class=\"elementor-element elementor-element-aab6c3a e-flex e-con-boxed e-con e-parent\" data-id=\"aab6c3a\" data-element_type=\"container\" data-e-type=\"container\" data-settings=\"{&quot;background_background&quot;:&quot;classic&quot;,&quot;_ha_eqh_enable&quot;:false}\">\n\t\t\t\t\t<div class=\"e-con-inner\">\n\t\t\t\t<div class=\"elementor-element elementor-element-3b8bc5b elementor-widget elementor-widget-spacer\" data-id=\"3b8bc5b\" data-element_type=\"widget\" data-e-type=\"widget\" data-widget_type=\"spacer.default\">\n\t\t\t\t<div class=\"elementor-widget-container\">\n\t\t\t\t\t\t\t<div class=\"elementor-spacer\">\n\t\t\t<div class=\"elementor-spacer-inner\"><\/div>\n\t\t<\/div>\n\t\t\t\t\t\t<\/div>\n\t\t\t\t<\/div>\n\t\t\t\t\t<\/div>\n\t\t\t\t<\/div>\n\t\t<div class=\"elementor-element elementor-element-9e759a7 e-grid e-con-boxed e-con e-parent\" data-id=\"9e759a7\" data-element_type=\"container\" data-e-type=\"container\" data-settings=\"{&quot;background_background&quot;:&quot;classic&quot;,&quot;_ha_eqh_enable&quot;:false}\">\n\t\t\t\t\t<div class=\"e-con-inner\">\n\t\t\t\t<div class=\"elementor-element elementor-element-263ff20 elementor-widget elementor-widget-heading\" data-id=\"263ff20\" data-element_type=\"widget\" data-e-type=\"widget\" data-widget_type=\"heading.default\">\n\t\t\t\t<div class=\"elementor-widget-container\">\n\t\t\t\t\t<h2 class=\"elementor-heading-title elementor-size-default\">Missions demand\u00e9es<\/h2>\t\t\t\t<\/div>\n\t\t\t\t<\/div>\n\t\t\t\t<div class=\"elementor-element elementor-element-ce61aac elementor-widget elementor-widget-text-editor\" data-id=\"ce61aac\" data-element_type=\"widget\" data-e-type=\"widget\" data-widget_type=\"text-editor.default\">\n\t\t\t\t<div class=\"elementor-widget-container\">\n\t\t\t\t\t\t\t\t\t<ul><li><strong data-start=\"626\" data-end=\"673\">Imaginer et concevoir des univers immersifs<\/strong> : Donnez forme aux mondes fantastiques d\u2019Yggdrasil en cr\u00e9ant des d\u00e9cors qui captivent et \u00e9merveillent.<\/li><li><strong data-start=\"782\" data-end=\"808\">Fabriquer et assembler<\/strong> : Bois, m\u00e9tal, mousse, peinture\u2026 Vous maniez diff\u00e9rentes techniques et mat\u00e9riaux pour donner vie \u00e0 vos cr\u00e9ations.<\/li><li><strong data-start=\"1083\" data-end=\"1141\">Assurer la s\u00e9curit\u00e9 et la durabilit\u00e9 des installations<\/strong> : Chaque d\u00e9cor doit \u00eatre aussi solide que spectaculaire !<\/li><li><strong data-start=\"1205\" data-end=\"1258\">Collaborer avec l\u2019\u00e9quipe artistique et logistique<\/strong> : Vous travaillez main dans la main avec les costumiers, sc\u00e9nographes et techniciens pour une immersion totale.<\/li><\/ul>\t\t\t\t\t\t\t\t<\/div>\n\t\t\t\t<\/div>\n\t\t\t\t\t<\/div>\n\t\t\t\t<\/div>\n\t\t<div class=\"elementor-element elementor-element-9e8ef59 e-flex e-con-boxed e-con e-parent\" data-id=\"9e8ef59\" data-element_type=\"container\" data-e-type=\"container\" data-settings=\"{&quot;background_background&quot;:&quot;classic&quot;,&quot;_ha_eqh_enable&quot;:false}\">\n\t\t\t\t\t<div class=\"e-con-inner\">\n\t\t\t\t<div class=\"elementor-element elementor-element-e1c93e3 elementor-widget-divider--view-line elementor-widget elementor-widget-divider\" data-id=\"e1c93e3\" data-element_type=\"widget\" data-e-type=\"widget\" data-widget_type=\"divider.default\">\n\t\t\t\t<div class=\"elementor-widget-container\">\n\t\t\t\t\t\t\t<div class=\"elementor-divider\">\n\t\t\t<span class=\"elementor-divider-separator\">\n\t\t\t\t\t\t<\/span>\n\t\t<\/div>\n\t\t\t\t\t\t<\/div>\n\t\t\t\t<\/div>\n\t\t\t\t\t<\/div>\n\t\t\t\t<\/div>\n\t\t<div class=\"elementor-element elementor-element-23cc945 e-grid e-con-boxed e-con e-parent\" data-id=\"23cc945\" data-element_type=\"container\" data-e-type=\"container\" data-settings=\"{&quot;background_background&quot;:&quot;classic&quot;,&quot;_ha_eqh_enable&quot;:false}\">\n\t\t\t\t\t<div class=\"e-con-inner\">\n\t\t\t\t<div class=\"elementor-element elementor-element-30a65e4 elementor-widget elementor-widget-heading\" data-id=\"30a65e4\" data-element_type=\"widget\" data-e-type=\"widget\" data-widget_type=\"heading.default\">\n\t\t\t\t<div class=\"elementor-widget-container\">\n\t\t\t\t\t<h2 class=\"elementor-heading-title elementor-size-default\">Atouts pour r\u00e9ussir<\/h2>\t\t\t\t<\/div>\n\t\t\t\t<\/div>\n\t\t\t\t<div class=\"elementor-element elementor-element-0423c62 elementor-widget elementor-widget-text-editor\" data-id=\"0423c62\" data-element_type=\"widget\" data-e-type=\"widget\" data-widget_type=\"text-editor.default\">\n\t\t\t\t<div class=\"elementor-widget-container\">\n\t\t\t\t\t\t\t\t\t<ul><li><strong data-start=\"1424\" data-end=\"1465\">Cr\u00e9ativit\u00e9 et imagination d\u00e9bordantes<\/strong> : Vous aimez concevoir des d\u00e9cors qui racontent une histoire et plongent les visiteurs dans un autre monde.<\/li><li><strong data-start=\"1579\" data-end=\"1621\">Ma\u00eetrise des techniques de fabrication<\/strong> : Savoir travailler le bois, le m\u00e9tal, le polystyr\u00e8ne ou la peinture est un v\u00e9ritable atout.<\/li><li><strong data-start=\"1720\" data-end=\"1749\">Rigueur et sens du d\u00e9tail<\/strong> : Chaque \u00e9l\u00e9ment compte pour une immersion totale, et vous aimez peaufiner votre travail jusqu\u2019\u00e0 la perfection.<\/li><li><strong data-start=\"1866\" data-end=\"1911\">Bonne gestion du temps et esprit d\u2019\u00e9quipe<\/strong> : Dans un festival, tout se joue sur des d\u00e9lais serr\u00e9s et une coordination fluide avec les autres cr\u00e9ateurs.<\/li><\/ul>\t\t\t\t\t\t\t\t<\/div>\n\t\t\t\t<\/div>\n\t\t\t\t\t<\/div>\n\t\t\t\t<\/div>\n\t\t<div class=\"elementor-element elementor-element-05cb9d7 e-flex e-con-boxed e-con e-parent\" data-id=\"05cb9d7\" data-element_type=\"container\" data-e-type=\"container\" data-settings=\"{&quot;background_background&quot;:&quot;classic&quot;,&quot;_ha_eqh_enable&quot;:false}\">\n\t\t\t\t\t<div class=\"e-con-inner\">\n\t\t\t\t<div class=\"elementor-element elementor-element-cf8f02d elementor-widget-divider--view-line elementor-widget elementor-widget-divider\" data-id=\"cf8f02d\" data-element_type=\"widget\" data-e-type=\"widget\" data-widget_type=\"divider.default\">\n\t\t\t\t<div class=\"elementor-widget-container\">\n\t\t\t\t\t\t\t<div class=\"elementor-divider\">\n\t\t\t<span class=\"elementor-divider-separator\">\n\t\t\t\t\t\t<\/span>\n\t\t<\/div>\n\t\t\t\t\t\t<\/div>\n\t\t\t\t<\/div>\n\t\t\t\t\t<\/div>\n\t\t\t\t<\/div>\n\t\t<div class=\"elementor-element elementor-element-01cda26 e-grid e-con-boxed e-con e-parent\" data-id=\"01cda26\" data-element_type=\"container\" data-e-type=\"container\" data-settings=\"{&quot;background_background&quot;:&quot;classic&quot;,&quot;_ha_eqh_enable&quot;:false}\">\n\t\t\t\t\t<div class=\"e-con-inner\">\n\t\t\t\t<div class=\"elementor-element elementor-element-fd89f9c elementor-widget elementor-widget-heading\" data-id=\"fd89f9c\" data-element_type=\"widget\" data-e-type=\"widget\" data-widget_type=\"heading.default\">\n\t\t\t\t<div class=\"elementor-widget-container\">\n\t\t\t\t\t<h2 class=\"elementor-heading-title elementor-size-default\">Ce que nous pouvons vous apporter<\/h2>\t\t\t\t<\/div>\n\t\t\t\t<\/div>\n\t\t\t\t<div class=\"elementor-element elementor-element-951a74d elementor-widget elementor-widget-text-editor\" data-id=\"951a74d\" data-element_type=\"widget\" data-e-type=\"widget\" data-widget_type=\"text-editor.default\">\n\t\t\t\t<div class=\"elementor-widget-container\">\n\t\t\t\t\t\t\t\t\t<ul><li><strong data-start=\"1429\" data-end=\"1470\">Exprimez votre cr\u00e9ativit\u00e9 sans limite<\/strong> : Ici, votre imagination est la seule fronti\u00e8re.<\/li><li><strong data-start=\"1525\" data-end=\"1573\">Apprenez et perfectionnez votre savoir-faire<\/strong> : Travaillez aux c\u00f4t\u00e9s de passionn\u00e9s et d\u00e9veloppez vos comp\u00e9tences en cr\u00e9ation de d\u00e9cors.<\/li><li><strong data-start=\"1669\" data-end=\"1698\">Vivez une aventure unique<\/strong> : Int\u00e9grez une \u00e9quipe dynamique et participez \u00e0 la naissance d\u2019un univers grandiose.<\/li><\/ul>\t\t\t\t\t\t\t\t<\/div>\n\t\t\t\t<\/div>\n\t\t\t\t\t<\/div>\n\t\t\t\t<\/div>\n\t\t<div class=\"elementor-element elementor-element-07ce9ad e-flex e-con-boxed e-con e-parent\" data-id=\"07ce9ad\" data-element_type=\"container\" data-e-type=\"container\" data-settings=\"{&quot;background_background&quot;:&quot;classic&quot;,&quot;_ha_eqh_enable&quot;:false}\">\n\t\t\t\t\t<div class=\"e-con-inner\">\n\t\t\t\t<div class=\"elementor-element elementor-element-54fa4ef elementor-widget elementor-widget-spacer\" data-id=\"54fa4ef\" data-element_type=\"widget\" data-e-type=\"widget\" data-widget_type=\"spacer.default\">\n\t\t\t\t<div class=\"elementor-widget-container\">\n\t\t\t\t\t\t\t<div class=\"elementor-spacer\">\n\t\t\t<div class=\"elementor-spacer-inner\"><\/div>\n\t\t<\/div>\n\t\t\t\t\t\t<\/div>\n\t\t\t\t<\/div>\n\t\t\t\t\t<\/div>\n\t\t\t\t<\/div>\n\t\t<div class=\"elementor-element elementor-element-e4183f4 e-flex e-con-boxed e-con e-parent\" data-id=\"e4183f4\" data-element_type=\"container\" data-e-type=\"container\" data-settings=\"{&quot;background_background&quot;:&quot;classic&quot;,&quot;_ha_eqh_enable&quot;:false}\">\n\t\t\t\t\t<div class=\"e-con-inner\">\n\t\t\t\t<div class=\"elementor-element elementor-element-8dc7a6f elementor-align-right elementor-widget elementor-widget-button\" data-id=\"8dc7a6f\" data-element_type=\"widget\" data-e-type=\"widget\" data-widget_type=\"button.default\">\n\t\t\t\t<div class=\"elementor-widget-container\">\n\t\t\t\t\t\t\t\t\t<div class=\"elementor-button-wrapper\">\n\t\t\t\t\t<a class=\"elementor-button elementor-button-link elementor-size-sm\" href=\"mailto:stage@festivalyggdrasil.com\">\n\t\t\t\t\t\t<span class=\"elementor-button-content-wrapper\">\n\t\t\t\t\t\t\t\t\t<span class=\"elementor-button-text\">Contact inscrition<\/span>\n\t\t\t\t\t<\/span>\n\t\t\t\t\t<\/a>\n\t\t\t\t<\/div>\n\t\t\t\t\t\t\t\t<\/div>\n\t\t\t\t<\/div>\n\t\t\t\t\t<\/div>\n\t\t\t\t<\/div>\n\t\t\t\t<\/div>\n\t\t","protected":false},"excerpt":{"rendered":"<p>Devenir stagiaire en cr\u00e9ation de d\u00e9cors chez Festival Yggdrasil Le festival Yggdrasil, c\u2019est bien plus qu\u2019un \u00e9v\u00e9nement : c\u2019est une porte ouverte vers les mondes de l\u2019imaginaire, un lieu o\u00f9 se croisent passionn\u00e9s de geek-pop-culture, cr\u00e9atures fantastiques et aventuriers en qu\u00eate d\u2019\u00e9merveillement. Chaque ann\u00e9e, plus de 30 000 visiteurs se laissent transporter par cette exp\u00e9rience [&hellip;]<\/p>\n","protected":false},"author":6,"featured_media":0,"parent":8,"menu_order":0,"comment_status":"open","ping_status":"closed","template":"","meta":{"footnotes":""},"wf_page_folders":[100],"class_list":["post-29149","page","type-page","status-publish","hentry"],"_links":{"self":[{"href":"https:\/\/festyggdrasil.fr\/index.php\/wp-json\/wp\/v2\/pages\/29149","targetHints":{"allow":["GET"]}}],"collection":[{"href":"https:\/\/festyggdrasil.fr\/index.php\/wp-json\/wp\/v2\/pages"}],"about":[{"href":"https:\/\/festyggdrasil.fr\/index.php\/wp-json\/wp\/v2\/types\/page"}],"author":[{"embeddable":true,"href":"https:\/\/festyggdrasil.fr\/index.php\/wp-json\/wp\/v2\/users\/6"}],"replies":[{"embeddable":true,"href":"https:\/\/festyggdrasil.fr\/index.php\/wp-json\/wp\/v2\/comments?post=29149"}],"version-history":[{"count":48,"href":"https:\/\/festyggdrasil.fr\/index.php\/wp-json\/wp\/v2\/pages\/29149\/revisions"}],"predecessor-version":[{"id":29909,"href":"https:\/\/festyggdrasil.fr\/index.php\/wp-json\/wp\/v2\/pages\/29149\/revisions\/29909"}],"up":[{"embeddable":true,"href":"https:\/\/festyggdrasil.fr\/index.php\/wp-json\/wp\/v2\/pages\/8"}],"wp:attachment":[{"href":"https:\/\/festyggdrasil.fr\/index.php\/wp-json\/wp\/v2\/media?parent=29149"}],"wp:term":[{"taxonomy":"wf_page_folders","embeddable":true,"href":"https:\/\/festyggdrasil.fr\/index.php\/wp-json\/wp\/v2\/wf_page_folders?post=29149"}],"curies":[{"name":"wp","href":"https:\/\/api.w.org\/{rel}","templated":true}]}}