{"id":29163,"date":"2025-03-04T13:24:34","date_gmt":"2025-03-04T12:24:34","guid":{"rendered":"https:\/\/festyggdrasil.fr\/?page_id=29163"},"modified":"2025-05-06T15:35:50","modified_gmt":"2025-05-06T13:35:50","slug":"devenir-stagiaire-chez-festival-yggdrasil-29163","status":"publish","type":"page","link":"https:\/\/festyggdrasil.fr\/index.php\/home\/devenir-stagiaire-chez-festival-yggdrasil-29163\/","title":{"rendered":"Devenir stagiaire chez Festival Yggdrasil"},"content":{"rendered":"\t\t<div data-elementor-type=\"wp-page\" data-elementor-id=\"29163\" class=\"elementor elementor-29163\" data-elementor-settings=\"{&quot;ha_cmc_init_switcher&quot;:&quot;no&quot;}\" data-elementor-post-type=\"page\">\n\t\t\t\t<div class=\"elementor-element elementor-element-62785974 e-con-full e-flex e-con e-parent\" data-id=\"62785974\" data-element_type=\"container\" data-e-type=\"container\" data-settings=\"{&quot;background_background&quot;:&quot;classic&quot;,&quot;_ha_eqh_enable&quot;:false}\">\n\t\t<div class=\"elementor-element elementor-element-7317ba06 e-con-full e-flex e-con e-child\" data-id=\"7317ba06\" data-element_type=\"container\" data-e-type=\"container\" data-settings=\"{&quot;_ha_eqh_enable&quot;:false}\">\n\t\t\t\t<div class=\"elementor-element elementor-element-567dc110 elementor-widget__width-inherit elementor-widget elementor-widget-heading\" data-id=\"567dc110\" data-element_type=\"widget\" data-e-type=\"widget\" data-widget_type=\"heading.default\">\n\t\t\t\t<div class=\"elementor-widget-container\">\n\t\t\t\t\t<h1 class=\"elementor-heading-title elementor-size-default\">Devenir stagiaire chez Festival Yggdrasil<\/h1>\t\t\t\t<\/div>\n\t\t\t\t<\/div>\n\t\t\t\t<div class=\"elementor-element elementor-element-3261b5d0 elementor-widget elementor-widget-text-editor\" data-id=\"3261b5d0\" data-element_type=\"widget\" data-e-type=\"widget\" data-widget_type=\"text-editor.default\">\n\t\t\t\t<div class=\"elementor-widget-container\">\n\t\t\t\t\t\t\t\t\t<p data-start=\"165\" data-end=\"562\">Le festival Yggdrasil est cr\u00e9ateur d\u2019\u00e9v\u00e9nements et de magie depuis 10 ans. Chaque ann\u00e9e, il rassemble plus de 30 000 passionn\u00e9s autour des mondes de l\u2019imaginaire et de la geek-pop-culture, pr\u00e8s de Lyon. Plong\u00e9e dans un univers f\u00e9\u00e9rique, cette exp\u00e9rience unique fait vibrer petits et grands \u00e0 travers des d\u00e9cors immersifs, des spectacles \u00e9poustouflants et des rencontres inoubliables.<\/p><h3 data-start=\"564\" data-end=\"626\">Pourquoi rejoindre Yggdrasil en tant que stagiaire ?<\/h3><p data-start=\"628\" data-end=\"907\">Travailler chez Yggdrasil, c&rsquo;est bien plus qu\u2019un simple stage. C\u2019est participer \u00e0 la cr\u00e9ation d\u2019\u00e9v\u00e9nements uniques, donner vie \u00e0 des univers extraordinaires et donner aux visiteurs des \u00e9toiles plein les yeux. En int\u00e9grant notre \u00e9quipe, vous aurez l\u2019opportunit\u00e9 de :<\/p><p data-start=\"909\" data-end=\"1360\">D\u00e9couvrir les coulisses d\u2019un festival hors du commun et apprendre aux c\u00f4t\u00e9s de professionnels passionn\u00e9s.<br data-start=\"1020\" data-end=\"1023\" \/>D\u00e9velopper vos comp\u00e9tences dans l\u2019\u00e9v\u00e9nementiel, la communication, la logistique ou encore la gestion de projet.<br data-start=\"1141\" data-end=\"1144\" \/>Rencontrer des personnes inspirantes et rejoindre une communaut\u00e9 soud\u00e9e autour d\u2019une passion commune.<br data-start=\"1252\" data-end=\"1255\" \/>Vivre une aventure immersive o\u00f9 chaque jour est une nouvelle qu\u00eate remplie de d\u00e9fis et de magie.<\/p>\t\t\t\t\t\t\t\t<\/div>\n\t\t\t\t<\/div>\n\t\t\t\t<\/div>\n\t\t\t\t<\/div>\n\t\t<div class=\"elementor-element elementor-element-9313db5 e-con-full e-flex e-con e-parent\" data-id=\"9313db5\" data-element_type=\"container\" data-e-type=\"container\" data-settings=\"{&quot;background_background&quot;:&quot;classic&quot;,&quot;_ha_eqh_enable&quot;:false}\">\n\t\t\t\t<div class=\"elementor-element elementor-element-934cda9 elementor-widget elementor-widget-spacer\" data-id=\"934cda9\" data-element_type=\"widget\" data-e-type=\"widget\" data-widget_type=\"spacer.default\">\n\t\t\t\t<div class=\"elementor-widget-container\">\n\t\t\t\t\t\t\t<div class=\"elementor-spacer\">\n\t\t\t<div class=\"elementor-spacer-inner\"><\/div>\n\t\t<\/div>\n\t\t\t\t\t\t<\/div>\n\t\t\t\t<\/div>\n\t\t\t\t<div class=\"elementor-element elementor-element-1a991bf elementor-widget elementor-widget-heading\" data-id=\"1a991bf\" data-element_type=\"widget\" data-e-type=\"widget\" data-widget_type=\"heading.default\">\n\t\t\t\t<div class=\"elementor-widget-container\">\n\t\t\t\t\t<h2 class=\"elementor-heading-title elementor-size-default\">Les missions propos\u00e9es<\/h2>\t\t\t\t<\/div>\n\t\t\t\t<\/div>\n\t\t\t\t<div class=\"elementor-element elementor-element-74a8ea7 elementor-widget elementor-widget-spacer\" data-id=\"74a8ea7\" data-element_type=\"widget\" data-e-type=\"widget\" data-widget_type=\"spacer.default\">\n\t\t\t\t<div class=\"elementor-widget-container\">\n\t\t\t\t\t\t\t<div class=\"elementor-spacer\">\n\t\t\t<div class=\"elementor-spacer-inner\"><\/div>\n\t\t<\/div>\n\t\t\t\t\t\t<\/div>\n\t\t\t\t<\/div>\n\t\t<div class=\"elementor-element elementor-element-1c09e4a e-flex e-con-boxed e-con e-child\" data-id=\"1c09e4a\" data-element_type=\"container\" data-e-type=\"container\" data-settings=\"{&quot;_ha_eqh_enable&quot;:false}\">\n\t\t\t\t\t<div class=\"e-con-inner\">\n\t\t\t\t<div class=\"elementor-element elementor-element-8df788b elementor-widget elementor-widget-heading\" data-id=\"8df788b\" data-element_type=\"widget\" data-e-type=\"widget\" data-widget_type=\"heading.default\">\n\t\t\t\t<div class=\"elementor-widget-container\">\n\t\t\t\t\t<h3 class=\"elementor-heading-title elementor-size-default\">Stage en communication<\/h3>\t\t\t\t<\/div>\n\t\t\t\t<\/div>\n\t\t\t\t\t<\/div>\n\t\t\t\t<\/div>\n\t\t\t\t<\/div>\n\t\t<div class=\"elementor-element elementor-element-77c4e80 e-grid e-con-boxed e-con e-parent\" data-id=\"77c4e80\" data-element_type=\"container\" data-e-type=\"container\" data-settings=\"{&quot;background_background&quot;:&quot;classic&quot;,&quot;_ha_eqh_enable&quot;:false}\">\n\t\t\t\t\t<div class=\"e-con-inner\">\n\t\t\t\t<div class=\"elementor-element elementor-element-cc95908 elementor-align-center elementor-widget__width-inherit elementor-widget elementor-widget-button\" data-id=\"cc95908\" data-element_type=\"widget\" data-e-type=\"widget\" data-widget_type=\"button.default\">\n\t\t\t\t<div class=\"elementor-widget-container\">\n\t\t\t\t\t\t\t\t\t<div class=\"elementor-button-wrapper\">\n\t\t\t\t\t<a class=\"elementor-button elementor-button-link elementor-size-sm\" href=\"https:\/\/festyggdrasil.fr\/index.php\/devenir-stagiaire-en-communication\/\">\n\t\t\t\t\t\t<span class=\"elementor-button-content-wrapper\">\n\t\t\t\t\t\t\t\t\t<span class=\"elementor-button-text\">D\u00e9couvrir<\/span>\n\t\t\t\t\t<\/span>\n\t\t\t\t\t<\/a>\n\t\t\t\t<\/div>\n\t\t\t\t\t\t\t\t<\/div>\n\t\t\t\t<\/div>\n\t\t\t\t<div class=\"elementor-element elementor-element-b126db4 elementor-widget elementor-widget-image\" data-id=\"b126db4\" data-element_type=\"widget\" data-e-type=\"widget\" data-widget_type=\"image.default\">\n\t\t\t\t<div class=\"elementor-widget-container\">\n\t\t\t\t\t\t\t\t\t\t\t\t\t\t\t<img fetchpriority=\"high\" decoding=\"async\" width=\"800\" height=\"512\" src=\"https:\/\/festyggdrasil.fr\/wp-content\/uploads\/2025\/03\/Communication-siteeuuuu-e1740994818105-1200x768.jpg\" class=\"attachment-large size-large wp-image-29191\" alt=\"\" \/>\t\t\t\t\t\t\t\t\t\t\t\t\t\t\t<\/div>\n\t\t\t\t<\/div>\n\t\t\t\t\t<\/div>\n\t\t\t\t<\/div>\n\t\t<div class=\"elementor-element elementor-element-fb51a69 e-flex e-con-boxed e-con e-parent\" data-id=\"fb51a69\" data-element_type=\"container\" data-e-type=\"container\" data-settings=\"{&quot;background_background&quot;:&quot;classic&quot;,&quot;_ha_eqh_enable&quot;:false}\">\n\t\t\t\t\t<div class=\"e-con-inner\">\n\t\t\t\t<div class=\"elementor-element elementor-element-701a1e1 elementor-widget-divider--view-line elementor-widget elementor-widget-divider\" data-id=\"701a1e1\" data-element_type=\"widget\" data-e-type=\"widget\" data-widget_type=\"divider.default\">\n\t\t\t\t<div class=\"elementor-widget-container\">\n\t\t\t\t\t\t\t<div class=\"elementor-divider\">\n\t\t\t<span class=\"elementor-divider-separator\">\n\t\t\t\t\t\t<\/span>\n\t\t<\/div>\n\t\t\t\t\t\t<\/div>\n\t\t\t\t<\/div>\n\t\t\t\t\t<\/div>\n\t\t\t\t<\/div>\n\t\t<div class=\"elementor-element elementor-element-1bed5e5 e-flex e-con-boxed e-con e-parent\" data-id=\"1bed5e5\" data-element_type=\"container\" data-e-type=\"container\" data-settings=\"{&quot;background_background&quot;:&quot;classic&quot;,&quot;_ha_eqh_enable&quot;:false}\">\n\t\t\t\t\t<div class=\"e-con-inner\">\n\t\t\t\t<div class=\"elementor-element elementor-element-d4f8206 elementor-widget elementor-widget-heading\" data-id=\"d4f8206\" data-element_type=\"widget\" data-e-type=\"widget\" data-widget_type=\"heading.default\">\n\t\t\t\t<div class=\"elementor-widget-container\">\n\t\t\t\t\t<h3 class=\"elementor-heading-title elementor-size-default\">Stage en cr\u00e9ation de d\u00e9cors<\/h3>\t\t\t\t<\/div>\n\t\t\t\t<\/div>\n\t\t\t\t\t<\/div>\n\t\t\t\t<\/div>\n\t\t<div class=\"elementor-element elementor-element-973c22c e-grid e-con-boxed e-con e-parent\" data-id=\"973c22c\" data-element_type=\"container\" data-e-type=\"container\" data-settings=\"{&quot;background_background&quot;:&quot;classic&quot;,&quot;_ha_eqh_enable&quot;:false}\">\n\t\t\t\t\t<div class=\"e-con-inner\">\n\t\t\t\t<div class=\"elementor-element elementor-element-8a1ebbf elementor-widget elementor-widget-image\" data-id=\"8a1ebbf\" data-element_type=\"widget\" data-e-type=\"widget\" data-widget_type=\"image.default\">\n\t\t\t\t<div class=\"elementor-widget-container\">\n\t\t\t\t\t\t\t\t\t\t\t\t\t\t\t<img decoding=\"async\" width=\"800\" height=\"533\" src=\"https:\/\/festyggdrasil.fr\/wp-content\/uploads\/2025\/03\/decors-siteeuu-1200x800.jpg\" class=\"attachment-large size-large wp-image-29189\" alt=\"\" srcset=\"https:\/\/festyggdrasil.fr\/wp-content\/uploads\/2025\/03\/decors-siteeuu-e1741090061216.jpg 1200w, https:\/\/festyggdrasil.fr\/wp-content\/uploads\/2025\/03\/decors-siteeuu-e1741090061216-500x333.jpg 500w, https:\/\/festyggdrasil.fr\/wp-content\/uploads\/2025\/03\/decors-siteeuu-e1741090061216-300x200.jpg 300w, https:\/\/festyggdrasil.fr\/wp-content\/uploads\/2025\/03\/decors-siteeuu-e1741090061216-768x512.jpg 768w, https:\/\/festyggdrasil.fr\/wp-content\/uploads\/2025\/03\/decors-siteeuu-e1741090061216-113x75.jpg 113w, https:\/\/festyggdrasil.fr\/wp-content\/uploads\/2025\/03\/decors-siteeuu-e1741090061216-700x467.jpg 700w\" sizes=\"(max-width: 800px) 100vw, 800px\" \/>\t\t\t\t\t\t\t\t\t\t\t\t\t\t\t<\/div>\n\t\t\t\t<\/div>\n\t\t\t\t<div class=\"elementor-element elementor-element-e727079 elementor-align-center elementor-widget elementor-widget-button\" data-id=\"e727079\" data-element_type=\"widget\" data-e-type=\"widget\" data-widget_type=\"button.default\">\n\t\t\t\t<div class=\"elementor-widget-container\">\n\t\t\t\t\t\t\t\t\t<div class=\"elementor-button-wrapper\">\n\t\t\t\t\t<a class=\"elementor-button elementor-button-link elementor-size-sm\" href=\"https:\/\/festyggdrasil.fr\/index.php\/devenir-stagiaire-en-creation-de-decors\/\">\n\t\t\t\t\t\t<span class=\"elementor-button-content-wrapper\">\n\t\t\t\t\t\t\t\t\t<span class=\"elementor-button-text\">D\u00e9couvrir<\/span>\n\t\t\t\t\t<\/span>\n\t\t\t\t\t<\/a>\n\t\t\t\t<\/div>\n\t\t\t\t\t\t\t\t<\/div>\n\t\t\t\t<\/div>\n\t\t\t\t\t<\/div>\n\t\t\t\t<\/div>\n\t\t<div class=\"elementor-element elementor-element-86d29ce e-flex e-con-boxed e-con e-parent\" data-id=\"86d29ce\" data-element_type=\"container\" data-e-type=\"container\" data-settings=\"{&quot;background_background&quot;:&quot;classic&quot;,&quot;_ha_eqh_enable&quot;:false}\">\n\t\t\t\t\t<div class=\"e-con-inner\">\n\t\t\t\t<div class=\"elementor-element elementor-element-d7c454c elementor-widget-divider--view-line elementor-widget elementor-widget-divider\" data-id=\"d7c454c\" data-element_type=\"widget\" data-e-type=\"widget\" data-widget_type=\"divider.default\">\n\t\t\t\t<div class=\"elementor-widget-container\">\n\t\t\t\t\t\t\t<div class=\"elementor-divider\">\n\t\t\t<span class=\"elementor-divider-separator\">\n\t\t\t\t\t\t<\/span>\n\t\t<\/div>\n\t\t\t\t\t\t<\/div>\n\t\t\t\t<\/div>\n\t\t\t\t\t<\/div>\n\t\t\t\t<\/div>\n\t\t<div class=\"elementor-element elementor-element-6acdc4e e-flex e-con-boxed e-con e-parent\" data-id=\"6acdc4e\" data-element_type=\"container\" data-e-type=\"container\" data-settings=\"{&quot;background_background&quot;:&quot;classic&quot;,&quot;_ha_eqh_enable&quot;:false}\">\n\t\t\t\t\t<div class=\"e-con-inner\">\n\t\t\t\t<div class=\"elementor-element elementor-element-a02001f elementor-widget elementor-widget-heading\" data-id=\"a02001f\" data-element_type=\"widget\" data-e-type=\"widget\" data-widget_type=\"heading.default\">\n\t\t\t\t<div class=\"elementor-widget-container\">\n\t\t\t\t\t<h3 class=\"elementor-heading-title elementor-size-default\">Stage en cr\u00e9ation en couture<\/h3>\t\t\t\t<\/div>\n\t\t\t\t<\/div>\n\t\t\t\t\t<\/div>\n\t\t\t\t<\/div>\n\t\t<div class=\"elementor-element elementor-element-74eb5d9 e-grid e-con-boxed e-con e-parent\" data-id=\"74eb5d9\" data-element_type=\"container\" data-e-type=\"container\" data-settings=\"{&quot;background_background&quot;:&quot;classic&quot;,&quot;_ha_eqh_enable&quot;:false}\">\n\t\t\t\t\t<div class=\"e-con-inner\">\n\t\t\t\t<div class=\"elementor-element elementor-element-ba21a66 elementor-align-center elementor-widget elementor-widget-button\" data-id=\"ba21a66\" data-element_type=\"widget\" data-e-type=\"widget\" data-widget_type=\"button.default\">\n\t\t\t\t<div class=\"elementor-widget-container\">\n\t\t\t\t\t\t\t\t\t<div class=\"elementor-button-wrapper\">\n\t\t\t\t\t<a class=\"elementor-button elementor-button-link elementor-size-sm\" href=\"https:\/\/festyggdrasil.fr\/index.php\/devenir-stagiaire-en-couture\/\">\n\t\t\t\t\t\t<span class=\"elementor-button-content-wrapper\">\n\t\t\t\t\t\t\t\t\t<span class=\"elementor-button-text\">D\u00e9couvrir<\/span>\n\t\t\t\t\t<\/span>\n\t\t\t\t\t<\/a>\n\t\t\t\t<\/div>\n\t\t\t\t\t\t\t\t<\/div>\n\t\t\t\t<\/div>\n\t\t\t\t<div class=\"elementor-element elementor-element-fbcd5c2 elementor-widget elementor-widget-image\" data-id=\"fbcd5c2\" data-element_type=\"widget\" data-e-type=\"widget\" data-widget_type=\"image.default\">\n\t\t\t\t<div class=\"elementor-widget-container\">\n\t\t\t\t\t\t\t\t\t\t\t\t\t\t\t<img decoding=\"async\" width=\"800\" height=\"491\" src=\"https:\/\/festyggdrasil.fr\/wp-content\/uploads\/2025\/03\/costume-siteeeuuuu-e1741090030718-1200x736.jpg\" class=\"attachment-large size-large wp-image-29190\" alt=\"\" srcset=\"https:\/\/festyggdrasil.fr\/wp-content\/uploads\/2025\/03\/costume-siteeeuuuu-e1741090030718-1200x736.jpg 1200w, https:\/\/festyggdrasil.fr\/wp-content\/uploads\/2025\/03\/costume-siteeeuuuu-e1741090030718-500x307.jpg 500w, https:\/\/festyggdrasil.fr\/wp-content\/uploads\/2025\/03\/costume-siteeeuuuu-e1741090030718-300x184.jpg 300w, https:\/\/festyggdrasil.fr\/wp-content\/uploads\/2025\/03\/costume-siteeeuuuu-e1741090030718-768x471.jpg 768w, https:\/\/festyggdrasil.fr\/wp-content\/uploads\/2025\/03\/costume-siteeeuuuu-e1741090030718-122x75.jpg 122w, https:\/\/festyggdrasil.fr\/wp-content\/uploads\/2025\/03\/costume-siteeeuuuu-e1741090030718-700x429.jpg 700w, https:\/\/festyggdrasil.fr\/wp-content\/uploads\/2025\/03\/costume-siteeeuuuu-e1741090030718.jpg 1304w\" sizes=\"(max-width: 800px) 100vw, 800px\" \/>\t\t\t\t\t\t\t\t\t\t\t\t\t\t\t<\/div>\n\t\t\t\t<\/div>\n\t\t\t\t\t<\/div>\n\t\t\t\t<\/div>\n\t\t<div class=\"elementor-element elementor-element-bc606df e-flex e-con-boxed e-con e-parent\" data-id=\"bc606df\" data-element_type=\"container\" data-e-type=\"container\" data-settings=\"{&quot;background_background&quot;:&quot;classic&quot;,&quot;_ha_eqh_enable&quot;:false}\">\n\t\t\t\t\t<div class=\"e-con-inner\">\n\t\t\t\t<div class=\"elementor-element elementor-element-90b2869 elementor-widget-divider--view-line elementor-widget elementor-widget-divider\" data-id=\"90b2869\" data-element_type=\"widget\" data-e-type=\"widget\" data-widget_type=\"divider.default\">\n\t\t\t\t<div class=\"elementor-widget-container\">\n\t\t\t\t\t\t\t<div class=\"elementor-divider\">\n\t\t\t<span class=\"elementor-divider-separator\">\n\t\t\t\t\t\t<\/span>\n\t\t<\/div>\n\t\t\t\t\t\t<\/div>\n\t\t\t\t<\/div>\n\t\t\t\t\t<\/div>\n\t\t\t\t<\/div>\n\t\t<div class=\"elementor-element elementor-element-3a7e587 e-flex e-con-boxed e-con e-parent\" data-id=\"3a7e587\" data-element_type=\"container\" data-e-type=\"container\" data-settings=\"{&quot;background_background&quot;:&quot;classic&quot;,&quot;_ha_eqh_enable&quot;:false}\">\n\t\t\t\t\t<div class=\"e-con-inner\">\n\t\t\t\t<div class=\"elementor-element elementor-element-7dcf555 elementor-widget elementor-widget-heading\" data-id=\"7dcf555\" data-element_type=\"widget\" data-e-type=\"widget\" data-widget_type=\"heading.default\">\n\t\t\t\t<div class=\"elementor-widget-container\">\n\t\t\t\t\t<h3 class=\"elementor-heading-title elementor-size-default\">Stage en vid\u00e9o et photographie<\/h3>\t\t\t\t<\/div>\n\t\t\t\t<\/div>\n\t\t\t\t\t<\/div>\n\t\t\t\t<\/div>\n\t\t<div class=\"elementor-element elementor-element-6e75c78 e-grid e-con-boxed e-con e-parent\" data-id=\"6e75c78\" data-element_type=\"container\" data-e-type=\"container\" data-settings=\"{&quot;background_background&quot;:&quot;classic&quot;,&quot;_ha_eqh_enable&quot;:false}\">\n\t\t\t\t\t<div class=\"e-con-inner\">\n\t\t\t\t<div class=\"elementor-element elementor-element-c7316e4 elementor-widget elementor-widget-image\" data-id=\"c7316e4\" data-element_type=\"widget\" data-e-type=\"widget\" data-widget_type=\"image.default\">\n\t\t\t\t<div class=\"elementor-widget-container\">\n\t\t\t\t\t\t\t\t\t\t\t\t\t\t\t<img loading=\"lazy\" decoding=\"async\" width=\"800\" height=\"517\" src=\"https:\/\/festyggdrasil.fr\/wp-content\/uploads\/2025\/03\/Post-Starquest-25-5-Inscription-photographes-JC-Fourez-e1741089992973.png\" class=\"attachment-large size-large wp-image-29181\" alt=\"\" srcset=\"https:\/\/festyggdrasil.fr\/wp-content\/uploads\/2025\/03\/Post-Starquest-25-5-Inscription-photographes-JC-Fourez-e1741089992973.png 1080w, https:\/\/festyggdrasil.fr\/wp-content\/uploads\/2025\/03\/Post-Starquest-25-5-Inscription-photographes-JC-Fourez-e1741089992973-500x323.png 500w, https:\/\/festyggdrasil.fr\/wp-content\/uploads\/2025\/03\/Post-Starquest-25-5-Inscription-photographes-JC-Fourez-e1741089992973-300x194.png 300w, https:\/\/festyggdrasil.fr\/wp-content\/uploads\/2025\/03\/Post-Starquest-25-5-Inscription-photographes-JC-Fourez-e1741089992973-768x496.png 768w, https:\/\/festyggdrasil.fr\/wp-content\/uploads\/2025\/03\/Post-Starquest-25-5-Inscription-photographes-JC-Fourez-e1741089992973-116x75.png 116w, https:\/\/festyggdrasil.fr\/wp-content\/uploads\/2025\/03\/Post-Starquest-25-5-Inscription-photographes-JC-Fourez-e1741089992973-700x452.png 700w\" sizes=\"(max-width: 800px) 100vw, 800px\" \/>\t\t\t\t\t\t\t\t\t\t\t\t\t\t\t<\/div>\n\t\t\t\t<\/div>\n\t\t\t\t<div class=\"elementor-element elementor-element-0eccff3 elementor-align-center elementor-widget elementor-widget-button\" data-id=\"0eccff3\" data-element_type=\"widget\" data-e-type=\"widget\" data-widget_type=\"button.default\">\n\t\t\t\t<div class=\"elementor-widget-container\">\n\t\t\t\t\t\t\t\t\t<div class=\"elementor-button-wrapper\">\n\t\t\t\t\t<a class=\"elementor-button elementor-button-link elementor-size-sm\" href=\"https:\/\/festyggdrasil.fr\/index.php\/devenir-stagiaire-en-video-et-photographie\/\">\n\t\t\t\t\t\t<span class=\"elementor-button-content-wrapper\">\n\t\t\t\t\t\t\t\t\t<span class=\"elementor-button-text\">D\u00e9couvrir<\/span>\n\t\t\t\t\t<\/span>\n\t\t\t\t\t<\/a>\n\t\t\t\t<\/div>\n\t\t\t\t\t\t\t\t<\/div>\n\t\t\t\t<\/div>\n\t\t\t\t\t<\/div>\n\t\t\t\t<\/div>\n\t\t<div class=\"elementor-element elementor-element-6673f93 e-flex e-con-boxed e-con e-parent\" data-id=\"6673f93\" data-element_type=\"container\" data-e-type=\"container\" data-settings=\"{&quot;background_background&quot;:&quot;classic&quot;,&quot;_ha_eqh_enable&quot;:false}\">\n\t\t\t\t\t<div class=\"e-con-inner\">\n\t\t\t\t<div class=\"elementor-element elementor-element-c0d7ee1 elementor-widget-divider--view-line elementor-widget elementor-widget-divider\" data-id=\"c0d7ee1\" data-element_type=\"widget\" data-e-type=\"widget\" data-widget_type=\"divider.default\">\n\t\t\t\t<div class=\"elementor-widget-container\">\n\t\t\t\t\t\t\t<div class=\"elementor-divider\">\n\t\t\t<span class=\"elementor-divider-separator\">\n\t\t\t\t\t\t<\/span>\n\t\t<\/div>\n\t\t\t\t\t\t<\/div>\n\t\t\t\t<\/div>\n\t\t\t\t\t<\/div>\n\t\t\t\t<\/div>\n\t\t<div class=\"elementor-element elementor-element-125ca20 e-flex e-con-boxed e-con e-parent\" data-id=\"125ca20\" data-element_type=\"container\" data-e-type=\"container\" data-settings=\"{&quot;background_background&quot;:&quot;classic&quot;,&quot;_ha_eqh_enable&quot;:false}\">\n\t\t\t\t\t<div class=\"e-con-inner\">\n\t\t\t\t<div class=\"elementor-element elementor-element-af9b225 elementor-widget elementor-widget-heading\" data-id=\"af9b225\" data-element_type=\"widget\" data-e-type=\"widget\" data-widget_type=\"heading.default\">\n\t\t\t\t<div class=\"elementor-widget-container\">\n\t\t\t\t\t<h3 class=\"elementor-heading-title elementor-size-default\">Stage en maquillage<\/h3>\t\t\t\t<\/div>\n\t\t\t\t<\/div>\n\t\t\t\t\t<\/div>\n\t\t\t\t<\/div>\n\t\t<div class=\"elementor-element elementor-element-17df3f0 e-grid e-con-boxed e-con e-parent\" data-id=\"17df3f0\" data-element_type=\"container\" data-e-type=\"container\" data-settings=\"{&quot;background_background&quot;:&quot;classic&quot;,&quot;_ha_eqh_enable&quot;:false}\">\n\t\t\t\t\t<div class=\"e-con-inner\">\n\t\t\t\t<div class=\"elementor-element elementor-element-9674bbb elementor-align-center elementor-widget elementor-widget-button\" data-id=\"9674bbb\" data-element_type=\"widget\" data-e-type=\"widget\" data-widget_type=\"button.default\">\n\t\t\t\t<div class=\"elementor-widget-container\">\n\t\t\t\t\t\t\t\t\t<div class=\"elementor-button-wrapper\">\n\t\t\t\t\t<a class=\"elementor-button elementor-button-link elementor-size-sm\" href=\"https:\/\/festyggdrasil.fr\/index.php\/devenir-stagiaire-en-maquillage\/\">\n\t\t\t\t\t\t<span class=\"elementor-button-content-wrapper\">\n\t\t\t\t\t\t\t\t\t<span class=\"elementor-button-text\">D\u00e9couvrir<\/span>\n\t\t\t\t\t<\/span>\n\t\t\t\t\t<\/a>\n\t\t\t\t<\/div>\n\t\t\t\t\t\t\t\t<\/div>\n\t\t\t\t<\/div>\n\t\t\t\t<div class=\"elementor-element elementor-element-598eade elementor-widget elementor-widget-image\" data-id=\"598eade\" data-element_type=\"widget\" data-e-type=\"widget\" data-widget_type=\"image.default\">\n\t\t\t\t<div class=\"elementor-widget-container\">\n\t\t\t\t\t\t\t\t\t\t\t\t\t\t\t<img loading=\"lazy\" decoding=\"async\" width=\"800\" height=\"533\" src=\"https:\/\/festyggdrasil.fr\/wp-content\/uploads\/2025\/03\/maquillage-1200x800.jpg\" class=\"attachment-large size-large wp-image-29188\" alt=\"\" srcset=\"https:\/\/festyggdrasil.fr\/wp-content\/uploads\/2025\/03\/maquillage-e1741089903443.jpg 1200w, https:\/\/festyggdrasil.fr\/wp-content\/uploads\/2025\/03\/maquillage-e1741089903443-500x333.jpg 500w, https:\/\/festyggdrasil.fr\/wp-content\/uploads\/2025\/03\/maquillage-e1741089903443-300x200.jpg 300w, https:\/\/festyggdrasil.fr\/wp-content\/uploads\/2025\/03\/maquillage-e1741089903443-768x512.jpg 768w, https:\/\/festyggdrasil.fr\/wp-content\/uploads\/2025\/03\/maquillage-e1741089903443-113x75.jpg 113w, https:\/\/festyggdrasil.fr\/wp-content\/uploads\/2025\/03\/maquillage-e1741089903443-700x467.jpg 700w\" sizes=\"(max-width: 800px) 100vw, 800px\" \/>\t\t\t\t\t\t\t\t\t\t\t\t\t\t\t<\/div>\n\t\t\t\t<\/div>\n\t\t\t\t\t<\/div>\n\t\t\t\t<\/div>\n\t\t\t\t<\/div>\n\t\t","protected":false},"excerpt":{"rendered":"<p>Devenir stagiaire chez Festival Yggdrasil Le festival Yggdrasil est cr\u00e9ateur d\u2019\u00e9v\u00e9nements et de magie depuis 10 ans. Chaque ann\u00e9e, il rassemble plus de 30 000 passionn\u00e9s autour des mondes de l\u2019imaginaire et de la geek-pop-culture, pr\u00e8s de Lyon. Plong\u00e9e dans un univers f\u00e9\u00e9rique, cette exp\u00e9rience unique fait vibrer petits et grands \u00e0 travers des d\u00e9cors [&hellip;]<\/p>\n","protected":false},"author":6,"featured_media":0,"parent":8,"menu_order":0,"comment_status":"open","ping_status":"closed","template":"","meta":{"footnotes":""},"wf_page_folders":[100],"class_list":["post-29163","page","type-page","status-publish","hentry"],"_links":{"self":[{"href":"https:\/\/festyggdrasil.fr\/index.php\/wp-json\/wp\/v2\/pages\/29163","targetHints":{"allow":["GET"]}}],"collection":[{"href":"https:\/\/festyggdrasil.fr\/index.php\/wp-json\/wp\/v2\/pages"}],"about":[{"href":"https:\/\/festyggdrasil.fr\/index.php\/wp-json\/wp\/v2\/types\/page"}],"author":[{"embeddable":true,"href":"https:\/\/festyggdrasil.fr\/index.php\/wp-json\/wp\/v2\/users\/6"}],"replies":[{"embeddable":true,"href":"https:\/\/festyggdrasil.fr\/index.php\/wp-json\/wp\/v2\/comments?post=29163"}],"version-history":[{"count":78,"href":"https:\/\/festyggdrasil.fr\/index.php\/wp-json\/wp\/v2\/pages\/29163\/revisions"}],"predecessor-version":[{"id":29900,"href":"https:\/\/festyggdrasil.fr\/index.php\/wp-json\/wp\/v2\/pages\/29163\/revisions\/29900"}],"up":[{"embeddable":true,"href":"https:\/\/festyggdrasil.fr\/index.php\/wp-json\/wp\/v2\/pages\/8"}],"wp:attachment":[{"href":"https:\/\/festyggdrasil.fr\/index.php\/wp-json\/wp\/v2\/media?parent=29163"}],"wp:term":[{"taxonomy":"wf_page_folders","embeddable":true,"href":"https:\/\/festyggdrasil.fr\/index.php\/wp-json\/wp\/v2\/wf_page_folders?post=29163"}],"curies":[{"name":"wp","href":"https:\/\/api.w.org\/{rel}","templated":true}]}}