{"id":29204,"date":"2025-03-04T13:26:08","date_gmt":"2025-03-04T12:26:08","guid":{"rendered":"https:\/\/festyggdrasil.fr\/?page_id=29204"},"modified":"2025-05-06T15:35:55","modified_gmt":"2025-05-06T13:35:55","slug":"devenir-stagiaire-en-communication","status":"publish","type":"page","link":"https:\/\/festyggdrasil.fr\/index.php\/home\/devenir-stagiaire-en-communication\/","title":{"rendered":"Devenir stagiaire en communication"},"content":{"rendered":"\t\t<div data-elementor-type=\"wp-page\" data-elementor-id=\"29204\" class=\"elementor elementor-29204\" data-elementor-settings=\"{&quot;ha_cmc_init_switcher&quot;:&quot;no&quot;}\" data-elementor-post-type=\"page\">\n\t\t\t\t<div class=\"elementor-element elementor-element-62785974 e-con-full e-flex e-con e-parent\" data-id=\"62785974\" data-element_type=\"container\" data-e-type=\"container\" data-settings=\"{&quot;background_background&quot;:&quot;classic&quot;,&quot;_ha_eqh_enable&quot;:false}\">\n\t\t<div class=\"elementor-element elementor-element-7317ba06 e-con-full e-flex e-con e-child\" data-id=\"7317ba06\" data-element_type=\"container\" data-e-type=\"container\" data-settings=\"{&quot;_ha_eqh_enable&quot;:false}\">\n\t\t\t\t<div class=\"elementor-element elementor-element-567dc110 elementor-widget__width-inherit elementor-widget elementor-widget-heading\" data-id=\"567dc110\" data-element_type=\"widget\" data-e-type=\"widget\" data-widget_type=\"heading.default\">\n\t\t\t\t<div class=\"elementor-widget-container\">\n\t\t\t\t\t<h1 class=\"elementor-heading-title elementor-size-default\">Devenir stagiaire en communication chez Festival Yggdrasil<\/h1>\t\t\t\t<\/div>\n\t\t\t\t<\/div>\n\t\t\t\t<div class=\"elementor-element elementor-element-3261b5d0 elementor-widget elementor-widget-text-editor\" data-id=\"3261b5d0\" data-element_type=\"widget\" data-e-type=\"widget\" data-widget_type=\"text-editor.default\">\n\t\t\t\t<div class=\"elementor-widget-container\">\n\t\t\t\t\t\t\t\t\t<p data-start=\"79\" data-end=\"495\">Le <strong data-start=\"82\" data-end=\"104\">festival Yggdrasil<\/strong>, c\u2019est bien plus qu\u2019un \u00e9v\u00e9nement : c\u2019est une porte ouverte vers les mondes de l\u2019imaginaire, un lieu o\u00f9 se croisent passionn\u00e9s de <strong data-start=\"234\" data-end=\"254\">geek-pop-culture<\/strong>, cr\u00e9atures fantastiques et aventuriers en qu\u00eate d\u2019\u00e9merveillement. Chaque ann\u00e9e, plus de <strong data-start=\"343\" data-end=\"363\">30 000 visiteurs<\/strong> se laissent transporter par cette exp\u00e9rience immersive, et notre mission est de leur offrir un spectacle toujours plus grandiose.<\/p><p data-start=\"497\" data-end=\"581\"><strong data-start=\"497\" data-end=\"579\">Votre r\u00f4le ? Faire briller Yggdrasil bien au-del\u00e0 des fronti\u00e8res du festival !<\/strong><\/p>\t\t\t\t\t\t\t\t<\/div>\n\t\t\t\t<\/div>\n\t\t\t\t<\/div>\n\t\t\t\t<\/div>\n\t\t<div class=\"elementor-element elementor-element-e424d89 e-flex e-con-boxed e-con e-parent\" data-id=\"e424d89\" data-element_type=\"container\" data-e-type=\"container\" data-settings=\"{&quot;background_background&quot;:&quot;classic&quot;,&quot;_ha_eqh_enable&quot;:false}\">\n\t\t\t\t\t<div class=\"e-con-inner\">\n\t\t\t\t<div class=\"elementor-element elementor-element-9601a2a elementor-widget elementor-widget-spacer\" data-id=\"9601a2a\" data-element_type=\"widget\" data-e-type=\"widget\" data-widget_type=\"spacer.default\">\n\t\t\t\t<div class=\"elementor-widget-container\">\n\t\t\t\t\t\t\t<div class=\"elementor-spacer\">\n\t\t\t<div class=\"elementor-spacer-inner\"><\/div>\n\t\t<\/div>\n\t\t\t\t\t\t<\/div>\n\t\t\t\t<\/div>\n\t\t\t\t\t<\/div>\n\t\t\t\t<\/div>\n\t\t<div class=\"elementor-element elementor-element-9e759a7 e-grid e-con-boxed e-con e-parent\" data-id=\"9e759a7\" data-element_type=\"container\" data-e-type=\"container\" data-settings=\"{&quot;background_background&quot;:&quot;classic&quot;,&quot;_ha_eqh_enable&quot;:false}\">\n\t\t\t\t\t<div class=\"e-con-inner\">\n\t\t\t\t<div class=\"elementor-element elementor-element-263ff20 elementor-widget elementor-widget-heading\" data-id=\"263ff20\" data-element_type=\"widget\" data-e-type=\"widget\" data-widget_type=\"heading.default\">\n\t\t\t\t<div class=\"elementor-widget-container\">\n\t\t\t\t\t<h2 class=\"elementor-heading-title elementor-size-default\">Missions demand\u00e9es<\/h2>\t\t\t\t<\/div>\n\t\t\t\t<\/div>\n\t\t\t\t<div class=\"elementor-element elementor-element-ce61aac elementor-widget elementor-widget-text-editor\" data-id=\"ce61aac\" data-element_type=\"widget\" data-e-type=\"widget\" data-widget_type=\"text-editor.default\">\n\t\t\t\t<div class=\"elementor-widget-container\">\n\t\t\t\t\t\t\t\t\t<ul><li><strong data-start=\"649\" data-end=\"677\">Donner envie et captiver<\/strong> : Gr\u00e2ce \u00e0 votre plume aff\u00fbt\u00e9e et votre cr\u00e9ativit\u00e9, vous saurez raconter l\u2019histoire du festival et transmettre son \u00e9nergie unique.<\/li><li><strong data-start=\"813\" data-end=\"859\">R\u00e9diger et alimenter nos supports digitaux<\/strong> : Articles, actualit\u00e9s, posts engageants\u2026 Vous serez le gardien du contenu sur notre site web et nos plateformes.<\/li><li><strong data-start=\"979\" data-end=\"1030\">Cr\u00e9er et diffuser nos campagnes promotionnelles<\/strong> : R\u00e9seaux sociaux, newsletters, communiqu\u00e9s de presse\u2026 Vous maniez les mots et les outils pour faire vibrer notre communaut\u00e9.<\/li><li><strong data-start=\"1349\" data-end=\"1384\">Interagir avec notre communaut\u00e9<\/strong> : Mod\u00e9ration, animation, engagement\u2026 Vous serez la voix du festival, en contact direct avec nos visiteurs et partenaires.<\/li><\/ul>\t\t\t\t\t\t\t\t<\/div>\n\t\t\t\t<\/div>\n\t\t\t\t\t<\/div>\n\t\t\t\t<\/div>\n\t\t<div class=\"elementor-element elementor-element-9e8ef59 e-flex e-con-boxed e-con e-parent\" data-id=\"9e8ef59\" data-element_type=\"container\" data-e-type=\"container\" data-settings=\"{&quot;background_background&quot;:&quot;classic&quot;,&quot;_ha_eqh_enable&quot;:false}\">\n\t\t\t\t\t<div class=\"e-con-inner\">\n\t\t\t\t<div class=\"elementor-element elementor-element-e1c93e3 elementor-widget-divider--view-line elementor-widget elementor-widget-divider\" data-id=\"e1c93e3\" data-element_type=\"widget\" data-e-type=\"widget\" data-widget_type=\"divider.default\">\n\t\t\t\t<div class=\"elementor-widget-container\">\n\t\t\t\t\t\t\t<div class=\"elementor-divider\">\n\t\t\t<span class=\"elementor-divider-separator\">\n\t\t\t\t\t\t<\/span>\n\t\t<\/div>\n\t\t\t\t\t\t<\/div>\n\t\t\t\t<\/div>\n\t\t\t\t\t<\/div>\n\t\t\t\t<\/div>\n\t\t<div class=\"elementor-element elementor-element-23cc945 e-grid e-con-boxed e-con e-parent\" data-id=\"23cc945\" data-element_type=\"container\" data-e-type=\"container\" data-settings=\"{&quot;background_background&quot;:&quot;classic&quot;,&quot;_ha_eqh_enable&quot;:false}\">\n\t\t\t\t\t<div class=\"e-con-inner\">\n\t\t\t\t<div class=\"elementor-element elementor-element-30a65e4 elementor-widget elementor-widget-heading\" data-id=\"30a65e4\" data-element_type=\"widget\" data-e-type=\"widget\" data-widget_type=\"heading.default\">\n\t\t\t\t<div class=\"elementor-widget-container\">\n\t\t\t\t\t<h2 class=\"elementor-heading-title elementor-size-default\">Atouts pour r\u00e9ussir<\/h2>\t\t\t\t<\/div>\n\t\t\t\t<\/div>\n\t\t\t\t<div class=\"elementor-element elementor-element-0423c62 elementor-widget elementor-widget-text-editor\" data-id=\"0423c62\" data-element_type=\"widget\" data-e-type=\"widget\" data-widget_type=\"text-editor.default\">\n\t\t\t\t<div class=\"elementor-widget-container\">\n\t\t\t\t\t\t\t\t\t<ul><li>Comp\u00e9tences r\u00e9dactionnelles<\/li><li>Maitrise des outils Adobe<\/li><li>Capacit\u00e9s organisationnelles<\/li><li>Cr\u00e9ativit\u00e9 et imagination<\/li><\/ul>\t\t\t\t\t\t\t\t<\/div>\n\t\t\t\t<\/div>\n\t\t\t\t\t<\/div>\n\t\t\t\t<\/div>\n\t\t<div class=\"elementor-element elementor-element-05cb9d7 e-flex e-con-boxed e-con e-parent\" data-id=\"05cb9d7\" data-element_type=\"container\" data-e-type=\"container\" data-settings=\"{&quot;background_background&quot;:&quot;classic&quot;,&quot;_ha_eqh_enable&quot;:false}\">\n\t\t\t\t\t<div class=\"e-con-inner\">\n\t\t\t\t<div class=\"elementor-element elementor-element-cf8f02d elementor-widget-divider--view-line elementor-widget elementor-widget-divider\" data-id=\"cf8f02d\" data-element_type=\"widget\" data-e-type=\"widget\" data-widget_type=\"divider.default\">\n\t\t\t\t<div class=\"elementor-widget-container\">\n\t\t\t\t\t\t\t<div class=\"elementor-divider\">\n\t\t\t<span class=\"elementor-divider-separator\">\n\t\t\t\t\t\t<\/span>\n\t\t<\/div>\n\t\t\t\t\t\t<\/div>\n\t\t\t\t<\/div>\n\t\t\t\t\t<\/div>\n\t\t\t\t<\/div>\n\t\t<div class=\"elementor-element elementor-element-01cda26 e-grid e-con-boxed e-con e-parent\" data-id=\"01cda26\" data-element_type=\"container\" data-e-type=\"container\" data-settings=\"{&quot;background_background&quot;:&quot;classic&quot;,&quot;_ha_eqh_enable&quot;:false}\">\n\t\t\t\t\t<div class=\"e-con-inner\">\n\t\t\t\t<div class=\"elementor-element elementor-element-fd89f9c elementor-widget elementor-widget-heading\" data-id=\"fd89f9c\" data-element_type=\"widget\" data-e-type=\"widget\" data-widget_type=\"heading.default\">\n\t\t\t\t<div class=\"elementor-widget-container\">\n\t\t\t\t\t<h2 class=\"elementor-heading-title elementor-size-default\">Ce que nous pouvons vous apporter<\/h2>\t\t\t\t<\/div>\n\t\t\t\t<\/div>\n\t\t\t\t<div class=\"elementor-element elementor-element-951a74d elementor-widget elementor-widget-text-editor\" data-id=\"951a74d\" data-element_type=\"widget\" data-e-type=\"widget\" data-widget_type=\"text-editor.default\">\n\t\t\t\t<div class=\"elementor-widget-container\">\n\t\t\t\t\t\t\t\t\t<ul><li>Plongez dans les coulisses d\u2019un festival hors du commun et participez activement \u00e0 son rayonnement.<\/li><li><strong data-start=\"1701\" data-end=\"1731\">D\u00e9veloppez vos comp\u00e9tences<\/strong> : Strat\u00e9gie digitale, storytelling, gestion de projet\u2026 Vous \u00e9voluerez dans un environnement dynamique et formateur.<\/li><li><strong data-start=\"1853\" data-end=\"1894\">Faites partie d\u2019une \u00e9quipe passionn\u00e9e<\/strong> : Ici, chaque membre est un acteur cl\u00e9 de la magie Yggdrasil.<\/li><\/ul>\t\t\t\t\t\t\t\t<\/div>\n\t\t\t\t<\/div>\n\t\t\t\t\t<\/div>\n\t\t\t\t<\/div>\n\t\t<div class=\"elementor-element elementor-element-0e8f360 e-flex e-con-boxed e-con e-parent\" data-id=\"0e8f360\" data-element_type=\"container\" data-e-type=\"container\" data-settings=\"{&quot;background_background&quot;:&quot;classic&quot;,&quot;_ha_eqh_enable&quot;:false}\">\n\t\t\t\t\t<div class=\"e-con-inner\">\n\t\t\t\t<div class=\"elementor-element elementor-element-8aeceea elementor-align-right elementor-widget elementor-widget-button\" data-id=\"8aeceea\" data-element_type=\"widget\" data-e-type=\"widget\" data-widget_type=\"button.default\">\n\t\t\t\t<div class=\"elementor-widget-container\">\n\t\t\t\t\t\t\t\t\t<div class=\"elementor-button-wrapper\">\n\t\t\t\t\t<a class=\"elementor-button elementor-button-link elementor-size-sm\" href=\"mailto:stage@festivalyggdrasil.com\">\n\t\t\t\t\t\t<span class=\"elementor-button-content-wrapper\">\n\t\t\t\t\t\t\t\t\t<span class=\"elementor-button-text\">contact inscription<\/span>\n\t\t\t\t\t<\/span>\n\t\t\t\t\t<\/a>\n\t\t\t\t<\/div>\n\t\t\t\t\t\t\t\t<\/div>\n\t\t\t\t<\/div>\n\t\t\t\t\t<\/div>\n\t\t\t\t<\/div>\n\t\t\t\t<\/div>\n\t\t","protected":false},"excerpt":{"rendered":"<p>Devenir stagiaire en communication chez Festival Yggdrasil Le festival Yggdrasil, c\u2019est bien plus qu\u2019un \u00e9v\u00e9nement : c\u2019est une porte ouverte vers les mondes de l\u2019imaginaire, un lieu o\u00f9 se croisent passionn\u00e9s de geek-pop-culture, cr\u00e9atures fantastiques et aventuriers en qu\u00eate d\u2019\u00e9merveillement. Chaque ann\u00e9e, plus de 30 000 visiteurs se laissent transporter par cette exp\u00e9rience immersive, et [&hellip;]<\/p>\n","protected":false},"author":6,"featured_media":0,"parent":8,"menu_order":0,"comment_status":"open","ping_status":"closed","template":"","meta":{"footnotes":""},"wf_page_folders":[100],"class_list":["post-29204","page","type-page","status-publish","hentry"],"_links":{"self":[{"href":"https:\/\/festyggdrasil.fr\/index.php\/wp-json\/wp\/v2\/pages\/29204","targetHints":{"allow":["GET"]}}],"collection":[{"href":"https:\/\/festyggdrasil.fr\/index.php\/wp-json\/wp\/v2\/pages"}],"about":[{"href":"https:\/\/festyggdrasil.fr\/index.php\/wp-json\/wp\/v2\/types\/page"}],"author":[{"embeddable":true,"href":"https:\/\/festyggdrasil.fr\/index.php\/wp-json\/wp\/v2\/users\/6"}],"replies":[{"embeddable":true,"href":"https:\/\/festyggdrasil.fr\/index.php\/wp-json\/wp\/v2\/comments?post=29204"}],"version-history":[{"count":24,"href":"https:\/\/festyggdrasil.fr\/index.php\/wp-json\/wp\/v2\/pages\/29204\/revisions"}],"predecessor-version":[{"id":29903,"href":"https:\/\/festyggdrasil.fr\/index.php\/wp-json\/wp\/v2\/pages\/29204\/revisions\/29903"}],"up":[{"embeddable":true,"href":"https:\/\/festyggdrasil.fr\/index.php\/wp-json\/wp\/v2\/pages\/8"}],"wp:attachment":[{"href":"https:\/\/festyggdrasil.fr\/index.php\/wp-json\/wp\/v2\/media?parent=29204"}],"wp:term":[{"taxonomy":"wf_page_folders","embeddable":true,"href":"https:\/\/festyggdrasil.fr\/index.php\/wp-json\/wp\/v2\/wf_page_folders?post=29204"}],"curies":[{"name":"wp","href":"https:\/\/api.w.org\/{rel}","templated":true}]}}