{"id":29221,"date":"2025-03-04T13:28:42","date_gmt":"2025-03-04T12:28:42","guid":{"rendered":"https:\/\/festyggdrasil.fr\/?page_id=29221"},"modified":"2025-05-06T15:36:28","modified_gmt":"2025-05-06T13:36:28","slug":"devenir-stagiaire-en-maquillage","status":"publish","type":"page","link":"https:\/\/festyggdrasil.fr\/index.php\/home\/devenir-stagiaire-en-maquillage\/","title":{"rendered":"Devenir stagiaire en maquillage"},"content":{"rendered":"\t\t<div data-elementor-type=\"wp-page\" data-elementor-id=\"29221\" class=\"elementor elementor-29221\" data-elementor-settings=\"{&quot;ha_cmc_init_switcher&quot;:&quot;no&quot;}\" data-elementor-post-type=\"page\">\n\t\t\t\t<div class=\"elementor-element elementor-element-62785974 e-con-full e-flex e-con e-parent\" data-id=\"62785974\" data-element_type=\"container\" data-e-type=\"container\" data-settings=\"{&quot;background_background&quot;:&quot;classic&quot;,&quot;_ha_eqh_enable&quot;:false}\">\n\t\t<div class=\"elementor-element elementor-element-7317ba06 e-con-full e-flex e-con e-child\" data-id=\"7317ba06\" data-element_type=\"container\" data-e-type=\"container\" data-settings=\"{&quot;_ha_eqh_enable&quot;:false}\">\n\t\t\t\t<div class=\"elementor-element elementor-element-567dc110 elementor-widget__width-inherit elementor-widget elementor-widget-heading\" data-id=\"567dc110\" data-element_type=\"widget\" data-e-type=\"widget\" data-widget_type=\"heading.default\">\n\t\t\t\t<div class=\"elementor-widget-container\">\n\t\t\t\t\t<h1 class=\"elementor-heading-title elementor-size-default\">Devenir stagiaire en maquillage chez Festival Yggdrasil<\/h1>\t\t\t\t<\/div>\n\t\t\t\t<\/div>\n\t\t\t\t<div class=\"elementor-element elementor-element-3261b5d0 elementor-widget elementor-widget-text-editor\" data-id=\"3261b5d0\" data-element_type=\"widget\" data-e-type=\"widget\" data-widget_type=\"text-editor.default\">\n\t\t\t\t<div class=\"elementor-widget-container\">\n\t\t\t\t\t\t\t\t\t<p data-start=\"79\" data-end=\"495\">Le <strong data-start=\"82\" data-end=\"104\">festival Yggdrasil<\/strong>, c\u2019est bien plus qu\u2019un \u00e9v\u00e9nement : c\u2019est une porte ouverte vers les mondes de l\u2019imaginaire, un lieu o\u00f9 se croisent passionn\u00e9s de <strong data-start=\"234\" data-end=\"254\">geek-pop-culture<\/strong>, cr\u00e9atures fantastiques et aventuriers en qu\u00eate d\u2019\u00e9merveillement. Chaque ann\u00e9e, plus de <strong data-start=\"343\" data-end=\"363\">30 000 visiteurs<\/strong> se laissent transporter par cette exp\u00e9rience immersive, et notre mission est de leur offrir un spectacle toujours plus grandiose.<\/p><p data-start=\"497\" data-end=\"581\">Votre mission ? Transformer artistes, figurants et b\u00e9n\u00e9voles en incarnations vivantes des mondes fantastiques !<\/p>\t\t\t\t\t\t\t\t<\/div>\n\t\t\t\t<\/div>\n\t\t\t\t<\/div>\n\t\t\t\t<\/div>\n\t\t<div class=\"elementor-element elementor-element-fb9c280 e-flex e-con-boxed e-con e-parent\" data-id=\"fb9c280\" data-element_type=\"container\" data-e-type=\"container\" data-settings=\"{&quot;background_background&quot;:&quot;classic&quot;,&quot;_ha_eqh_enable&quot;:false}\">\n\t\t\t\t\t<div class=\"e-con-inner\">\n\t\t\t\t<div class=\"elementor-element elementor-element-407927e elementor-widget elementor-widget-spacer\" data-id=\"407927e\" data-element_type=\"widget\" data-e-type=\"widget\" data-widget_type=\"spacer.default\">\n\t\t\t\t<div class=\"elementor-widget-container\">\n\t\t\t\t\t\t\t<div class=\"elementor-spacer\">\n\t\t\t<div class=\"elementor-spacer-inner\"><\/div>\n\t\t<\/div>\n\t\t\t\t\t\t<\/div>\n\t\t\t\t<\/div>\n\t\t\t\t\t<\/div>\n\t\t\t\t<\/div>\n\t\t<div class=\"elementor-element elementor-element-9e759a7 e-grid e-con-boxed e-con e-parent\" data-id=\"9e759a7\" data-element_type=\"container\" data-e-type=\"container\" data-settings=\"{&quot;background_background&quot;:&quot;classic&quot;,&quot;_ha_eqh_enable&quot;:false}\">\n\t\t\t\t\t<div class=\"e-con-inner\">\n\t\t\t\t<div class=\"elementor-element elementor-element-263ff20 elementor-widget elementor-widget-heading\" data-id=\"263ff20\" data-element_type=\"widget\" data-e-type=\"widget\" data-widget_type=\"heading.default\">\n\t\t\t\t<div class=\"elementor-widget-container\">\n\t\t\t\t\t<h2 class=\"elementor-heading-title elementor-size-default\">Missions demand\u00e9es<\/h2>\t\t\t\t<\/div>\n\t\t\t\t<\/div>\n\t\t\t\t<div class=\"elementor-element elementor-element-ce61aac elementor-widget elementor-widget-text-editor\" data-id=\"ce61aac\" data-element_type=\"widget\" data-e-type=\"widget\" data-widget_type=\"text-editor.default\">\n\t\t\t\t<div class=\"elementor-widget-container\">\n\t\t\t\t\t\t\t\t\t<ul><li><strong data-start=\"533\" data-end=\"568\">Cr\u00e9er des maquillages immersifs<\/strong> : Effets sp\u00e9ciaux, peintures corporelles, transformations mythiques\u2026 Vous \u00eates l\u2019artiste qui donne vie aux personnages du festival.<\/li><li><strong data-start=\"706\" data-end=\"747\">Sublimer les artistes et intervenants<\/strong> : Cosplayers, performeurs, figurants\u2026 Vous adaptez votre maquillage \u00e0 leurs besoins pour garantir une immersion totale.<\/li><li><strong data-start=\"873\" data-end=\"900\">Exp\u00e9rimenter et innover<\/strong> : Travailler avec diff\u00e9rentes techniques et produits (a\u00e9rographe, proth\u00e8ses, textures sp\u00e9ciales) pour un rendu spectaculaire.<\/li><li><strong data-start=\"1031\" data-end=\"1070\">Travailler sous contrainte de temps<\/strong> : L\u2019\u00e9v\u00e9nementiel demande efficacit\u00e9 et rapidit\u00e9 pour que chaque artiste soit pr\u00eat \u00e0 entrer en sc\u00e8ne \u00e0 temps.<\/li><li><strong data-start=\"1185\" data-end=\"1243\">Collaborer avec l\u2019\u00e9quipe artistique et costumier(\u00e8re)s<\/strong> : Pour une coh\u00e9rence visuelle parfaite entre maquillage, costumes et d\u00e9cors.<\/li><\/ul>\t\t\t\t\t\t\t\t<\/div>\n\t\t\t\t<\/div>\n\t\t\t\t\t<\/div>\n\t\t\t\t<\/div>\n\t\t<div class=\"elementor-element elementor-element-9e8ef59 e-flex e-con-boxed e-con e-parent\" data-id=\"9e8ef59\" data-element_type=\"container\" data-e-type=\"container\" data-settings=\"{&quot;background_background&quot;:&quot;classic&quot;,&quot;_ha_eqh_enable&quot;:false}\">\n\t\t\t\t\t<div class=\"e-con-inner\">\n\t\t\t\t<div class=\"elementor-element elementor-element-e1c93e3 elementor-widget-divider--view-line elementor-widget elementor-widget-divider\" data-id=\"e1c93e3\" data-element_type=\"widget\" data-e-type=\"widget\" data-widget_type=\"divider.default\">\n\t\t\t\t<div class=\"elementor-widget-container\">\n\t\t\t\t\t\t\t<div class=\"elementor-divider\">\n\t\t\t<span class=\"elementor-divider-separator\">\n\t\t\t\t\t\t<\/span>\n\t\t<\/div>\n\t\t\t\t\t\t<\/div>\n\t\t\t\t<\/div>\n\t\t\t\t\t<\/div>\n\t\t\t\t<\/div>\n\t\t<div class=\"elementor-element elementor-element-23cc945 e-grid e-con-boxed e-con e-parent\" data-id=\"23cc945\" data-element_type=\"container\" data-e-type=\"container\" data-settings=\"{&quot;background_background&quot;:&quot;classic&quot;,&quot;_ha_eqh_enable&quot;:false}\">\n\t\t\t\t\t<div class=\"e-con-inner\">\n\t\t\t\t<div class=\"elementor-element elementor-element-30a65e4 elementor-widget elementor-widget-heading\" data-id=\"30a65e4\" data-element_type=\"widget\" data-e-type=\"widget\" data-widget_type=\"heading.default\">\n\t\t\t\t<div class=\"elementor-widget-container\">\n\t\t\t\t\t<h2 class=\"elementor-heading-title elementor-size-default\">Atouts pour r\u00e9ussir<\/h2>\t\t\t\t<\/div>\n\t\t\t\t<\/div>\n\t\t\t\t<div class=\"elementor-element elementor-element-0423c62 elementor-widget elementor-widget-text-editor\" data-id=\"0423c62\" data-element_type=\"widget\" data-e-type=\"widget\" data-widget_type=\"text-editor.default\">\n\t\t\t\t<div class=\"elementor-widget-container\">\n\t\t\t\t\t\t\t\t\t<ul><li><strong data-start=\"1374\" data-end=\"1432\">Ma\u00eetrise des techniques de maquillage artistique et FX<\/strong> : Vous savez jouer avec les ombres, textures et couleurs pour des rendus saisissants.<\/li><li><strong data-start=\"1524\" data-end=\"1556\">Cr\u00e9ativit\u00e9 et sens du d\u00e9tail<\/strong> : Chaque maquillage raconte une histoire et contribue \u00e0 l\u2019immersion du public.<\/li><li><strong data-start=\"1784\" data-end=\"1844\">Connaissance des produits et pr\u00e9cautions dermatologiques<\/strong> : Vous assurez un maquillage confortable et sans danger pour les artistes et intervenants.<\/li><\/ul>\t\t\t\t\t\t\t\t<\/div>\n\t\t\t\t<\/div>\n\t\t\t\t\t<\/div>\n\t\t\t\t<\/div>\n\t\t<div class=\"elementor-element elementor-element-05cb9d7 e-flex e-con-boxed e-con e-parent\" data-id=\"05cb9d7\" data-element_type=\"container\" data-e-type=\"container\" data-settings=\"{&quot;background_background&quot;:&quot;classic&quot;,&quot;_ha_eqh_enable&quot;:false}\">\n\t\t\t\t\t<div class=\"e-con-inner\">\n\t\t\t\t<div class=\"elementor-element elementor-element-cf8f02d elementor-widget-divider--view-line elementor-widget elementor-widget-divider\" data-id=\"cf8f02d\" data-element_type=\"widget\" data-e-type=\"widget\" data-widget_type=\"divider.default\">\n\t\t\t\t<div class=\"elementor-widget-container\">\n\t\t\t\t\t\t\t<div class=\"elementor-divider\">\n\t\t\t<span class=\"elementor-divider-separator\">\n\t\t\t\t\t\t<\/span>\n\t\t<\/div>\n\t\t\t\t\t\t<\/div>\n\t\t\t\t<\/div>\n\t\t\t\t\t<\/div>\n\t\t\t\t<\/div>\n\t\t<div class=\"elementor-element elementor-element-01cda26 e-grid e-con-boxed e-con e-parent\" data-id=\"01cda26\" data-element_type=\"container\" data-e-type=\"container\" data-settings=\"{&quot;background_background&quot;:&quot;classic&quot;,&quot;_ha_eqh_enable&quot;:false}\">\n\t\t\t\t\t<div class=\"e-con-inner\">\n\t\t\t\t<div class=\"elementor-element elementor-element-fd89f9c elementor-widget elementor-widget-heading\" data-id=\"fd89f9c\" data-element_type=\"widget\" data-e-type=\"widget\" data-widget_type=\"heading.default\">\n\t\t\t\t<div class=\"elementor-widget-container\">\n\t\t\t\t\t<h2 class=\"elementor-heading-title elementor-size-default\">Ce que nous pouvons vous apporter<\/h2>\t\t\t\t<\/div>\n\t\t\t\t<\/div>\n\t\t\t\t<div class=\"elementor-element elementor-element-951a74d elementor-widget elementor-widget-text-editor\" data-id=\"951a74d\" data-element_type=\"widget\" data-e-type=\"widget\" data-widget_type=\"text-editor.default\">\n\t\t\t\t<div class=\"elementor-widget-container\">\n\t\t\t\t\t\t\t\t\t<ul><li><strong data-start=\"2138\" data-end=\"2183\">Un terrain d\u2019expression pour votre talent<\/strong> : Yggdrasil est l\u2019occasion r\u00eav\u00e9e de tester de nouvelles techniques et de cr\u00e9er des looks in\u00e9dits.<\/li><li><strong data-start=\"2287\" data-end=\"2320\">Un cadre artistique inspirant<\/strong> : Vous serez entour\u00e9(e) d\u2019autres cr\u00e9ateurs et artistes passionn\u00e9s qui partagent votre go\u00fbt pour l\u2019imaginaire.<\/li><li><strong data-start=\"2436\" data-end=\"2484\">Une exp\u00e9rience enrichissante en \u00e9v\u00e9nementiel<\/strong> : Travaillez dans un cadre dynamique, o\u00f9 chaque jour est une nouvelle aventure.<\/li><li><strong data-start=\"2570\" data-end=\"2608\">Une mise en avant de votre travail<\/strong> : Votre talent sera visible sur sc\u00e8ne, dans les photos et vid\u00e9os officielles du festival, offrant une belle vitrine \u00e0 votre savoir-faire.<\/li><\/ul>\t\t\t\t\t\t\t\t<\/div>\n\t\t\t\t<\/div>\n\t\t\t\t\t<\/div>\n\t\t\t\t<\/div>\n\t\t<div class=\"elementor-element elementor-element-e4183f4 e-flex e-con-boxed e-con e-parent\" data-id=\"e4183f4\" data-element_type=\"container\" data-e-type=\"container\" data-settings=\"{&quot;background_background&quot;:&quot;classic&quot;,&quot;_ha_eqh_enable&quot;:false}\">\n\t\t\t\t\t<div class=\"e-con-inner\">\n\t\t\t\t<div class=\"elementor-element elementor-element-8dc7a6f elementor-align-right elementor-widget elementor-widget-button\" data-id=\"8dc7a6f\" data-element_type=\"widget\" data-e-type=\"widget\" data-widget_type=\"button.default\">\n\t\t\t\t<div class=\"elementor-widget-container\">\n\t\t\t\t\t\t\t\t\t<div class=\"elementor-button-wrapper\">\n\t\t\t\t\t<a class=\"elementor-button elementor-button-link elementor-size-sm\" href=\"mailto:stage@festivalyggdrasil.com\">\n\t\t\t\t\t\t<span class=\"elementor-button-content-wrapper\">\n\t\t\t\t\t\t\t\t\t<span class=\"elementor-button-text\">Contact inscrition<\/span>\n\t\t\t\t\t<\/span>\n\t\t\t\t\t<\/a>\n\t\t\t\t<\/div>\n\t\t\t\t\t\t\t\t<\/div>\n\t\t\t\t<\/div>\n\t\t\t\t\t<\/div>\n\t\t\t\t<\/div>\n\t\t\t\t<\/div>\n\t\t","protected":false},"excerpt":{"rendered":"<p>Devenir stagiaire en maquillage chez Festival Yggdrasil Le festival Yggdrasil, c\u2019est bien plus qu\u2019un \u00e9v\u00e9nement : c\u2019est une porte ouverte vers les mondes de l\u2019imaginaire, un lieu o\u00f9 se croisent passionn\u00e9s de geek-pop-culture, cr\u00e9atures fantastiques et aventuriers en qu\u00eate d\u2019\u00e9merveillement. Chaque ann\u00e9e, plus de 30 000 visiteurs se laissent transporter par cette exp\u00e9rience immersive, et [&hellip;]<\/p>\n","protected":false},"author":6,"featured_media":0,"parent":8,"menu_order":0,"comment_status":"open","ping_status":"closed","template":"","meta":{"footnotes":""},"wf_page_folders":[100],"class_list":["post-29221","page","type-page","status-publish","hentry"],"_links":{"self":[{"href":"https:\/\/festyggdrasil.fr\/index.php\/wp-json\/wp\/v2\/pages\/29221","targetHints":{"allow":["GET"]}}],"collection":[{"href":"https:\/\/festyggdrasil.fr\/index.php\/wp-json\/wp\/v2\/pages"}],"about":[{"href":"https:\/\/festyggdrasil.fr\/index.php\/wp-json\/wp\/v2\/types\/page"}],"author":[{"embeddable":true,"href":"https:\/\/festyggdrasil.fr\/index.php\/wp-json\/wp\/v2\/users\/6"}],"replies":[{"embeddable":true,"href":"https:\/\/festyggdrasil.fr\/index.php\/wp-json\/wp\/v2\/comments?post=29221"}],"version-history":[{"count":36,"href":"https:\/\/festyggdrasil.fr\/index.php\/wp-json\/wp\/v2\/pages\/29221\/revisions"}],"predecessor-version":[{"id":29912,"href":"https:\/\/festyggdrasil.fr\/index.php\/wp-json\/wp\/v2\/pages\/29221\/revisions\/29912"}],"up":[{"embeddable":true,"href":"https:\/\/festyggdrasil.fr\/index.php\/wp-json\/wp\/v2\/pages\/8"}],"wp:attachment":[{"href":"https:\/\/festyggdrasil.fr\/index.php\/wp-json\/wp\/v2\/media?parent=29221"}],"wp:term":[{"taxonomy":"wf_page_folders","embeddable":true,"href":"https:\/\/festyggdrasil.fr\/index.php\/wp-json\/wp\/v2\/wf_page_folders?post=29221"}],"curies":[{"name":"wp","href":"https:\/\/api.w.org\/{rel}","templated":true}]}}