{"id":29243,"date":"2025-03-04T13:29:10","date_gmt":"2025-03-04T12:29:10","guid":{"rendered":"https:\/\/festyggdrasil.fr\/?page_id=29243"},"modified":"2025-05-06T15:36:34","modified_gmt":"2025-05-06T13:36:34","slug":"devenir-stagiaire-en-video-et-photographie","status":"publish","type":"page","link":"https:\/\/festyggdrasil.fr\/index.php\/home\/devenir-stagiaire-en-video-et-photographie\/","title":{"rendered":"Devenir stagiaire en vid\u00e9o et photographie"},"content":{"rendered":"\t\t<div data-elementor-type=\"wp-page\" data-elementor-id=\"29243\" class=\"elementor elementor-29243\" data-elementor-settings=\"{&quot;ha_cmc_init_switcher&quot;:&quot;no&quot;}\" data-elementor-post-type=\"page\">\n\t\t\t\t<div class=\"elementor-element elementor-element-62785974 e-con-full e-flex e-con e-parent\" data-id=\"62785974\" data-element_type=\"container\" data-e-type=\"container\" data-settings=\"{&quot;background_background&quot;:&quot;classic&quot;,&quot;_ha_eqh_enable&quot;:false}\">\n\t\t<div class=\"elementor-element elementor-element-7317ba06 e-con-full e-flex e-con e-child\" data-id=\"7317ba06\" data-element_type=\"container\" data-e-type=\"container\" data-settings=\"{&quot;_ha_eqh_enable&quot;:false}\">\n\t\t\t\t<div class=\"elementor-element elementor-element-567dc110 elementor-widget__width-inherit elementor-widget elementor-widget-heading\" data-id=\"567dc110\" data-element_type=\"widget\" data-e-type=\"widget\" data-widget_type=\"heading.default\">\n\t\t\t\t<div class=\"elementor-widget-container\">\n\t\t\t\t\t<h1 class=\"elementor-heading-title elementor-size-default\">Devenir stagiaire en photographie et vid\u00e9o chez Festival Yggdrasil<\/h1>\t\t\t\t<\/div>\n\t\t\t\t<\/div>\n\t\t\t\t<div class=\"elementor-element elementor-element-3261b5d0 elementor-widget elementor-widget-text-editor\" data-id=\"3261b5d0\" data-element_type=\"widget\" data-e-type=\"widget\" data-widget_type=\"text-editor.default\">\n\t\t\t\t<div class=\"elementor-widget-container\">\n\t\t\t\t\t\t\t\t\t<p data-start=\"79\" data-end=\"495\">Le <strong data-start=\"82\" data-end=\"104\">festival Yggdrasil<\/strong>, c\u2019est bien plus qu\u2019un \u00e9v\u00e9nement : c\u2019est une porte ouverte vers les mondes de l\u2019imaginaire, un lieu o\u00f9 se croisent passionn\u00e9s de <strong data-start=\"234\" data-end=\"254\">geek-pop-culture<\/strong>, cr\u00e9atures fantastiques et aventuriers en qu\u00eate d\u2019\u00e9merveillement. Chaque ann\u00e9e, plus de <strong data-start=\"343\" data-end=\"363\">30 000 visiteurs<\/strong> se laissent transporter par cette exp\u00e9rience immersive, et notre mission est de leur offrir un spectacle toujours plus grandiose.<\/p><p data-start=\"497\" data-end=\"581\">Votre mission ? Immortaliser ces instants magiques et les faire rayonner au-del\u00e0 du festival !<\/p>\t\t\t\t\t\t\t\t<\/div>\n\t\t\t\t<\/div>\n\t\t\t\t<\/div>\n\t\t\t\t<\/div>\n\t\t<div class=\"elementor-element elementor-element-d7fb96c e-flex e-con-boxed e-con e-parent\" data-id=\"d7fb96c\" data-element_type=\"container\" data-e-type=\"container\" data-settings=\"{&quot;background_background&quot;:&quot;classic&quot;,&quot;_ha_eqh_enable&quot;:false}\">\n\t\t\t\t\t<div class=\"e-con-inner\">\n\t\t\t\t<div class=\"elementor-element elementor-element-a61d147 elementor-widget elementor-widget-spacer\" data-id=\"a61d147\" data-element_type=\"widget\" data-e-type=\"widget\" data-widget_type=\"spacer.default\">\n\t\t\t\t<div class=\"elementor-widget-container\">\n\t\t\t\t\t\t\t<div class=\"elementor-spacer\">\n\t\t\t<div class=\"elementor-spacer-inner\"><\/div>\n\t\t<\/div>\n\t\t\t\t\t\t<\/div>\n\t\t\t\t<\/div>\n\t\t\t\t\t<\/div>\n\t\t\t\t<\/div>\n\t\t<div class=\"elementor-element elementor-element-9e759a7 e-grid e-con-boxed e-con e-parent\" data-id=\"9e759a7\" data-element_type=\"container\" data-e-type=\"container\" data-settings=\"{&quot;background_background&quot;:&quot;classic&quot;,&quot;_ha_eqh_enable&quot;:false}\">\n\t\t\t\t\t<div class=\"e-con-inner\">\n\t\t\t\t<div class=\"elementor-element elementor-element-263ff20 elementor-widget elementor-widget-heading\" data-id=\"263ff20\" data-element_type=\"widget\" data-e-type=\"widget\" data-widget_type=\"heading.default\">\n\t\t\t\t<div class=\"elementor-widget-container\">\n\t\t\t\t\t<h2 class=\"elementor-heading-title elementor-size-default\">Missions demand\u00e9es<\/h2>\t\t\t\t<\/div>\n\t\t\t\t<\/div>\n\t\t\t\t<div class=\"elementor-element elementor-element-ce61aac elementor-widget elementor-widget-text-editor\" data-id=\"ce61aac\" data-element_type=\"widget\" data-e-type=\"widget\" data-widget_type=\"text-editor.default\">\n\t\t\t\t<div class=\"elementor-widget-container\">\n\t\t\t\t\t\t\t\t\t<ul><li><strong data-start=\"515\" data-end=\"549\">Capturer l\u2019essence du festival<\/strong> : Immortalisez les plus beaux moments, les costumes spectaculaires, les d\u00e9cors grandioses et l\u2019ambiance unique d\u2019Yggdrasil.<\/li><li><strong data-start=\"679\" data-end=\"711\">Cr\u00e9er des contenus immersifs<\/strong> : R\u00e9alisez des vid\u00e9os dynamiques, des interviews, des teasers et des r\u00e9trospectives qui feront vibrer notre communaut\u00e9.<\/li><li><strong data-start=\"837\" data-end=\"872\">Raconter une histoire en images<\/strong> : Chaque photo, chaque vid\u00e9o doit transporter le spectateur dans l\u2019univers du festival et lui donner envie de nous rejoindre.<\/li><li><strong data-start=\"1004\" data-end=\"1032\">G\u00e9rer la post-production<\/strong> : Montage, retouches, colorim\u00e9trie\u2026 Vous sublimez vos captations pour en faire des \u0153uvres immersives et impactantes.<\/li><li><strong data-start=\"1155\" data-end=\"1201\">Participer \u00e0 la strat\u00e9gie de communication<\/strong> : Vos images seront diffus\u00e9es sur nos r\u00e9seaux sociaux, notre site web et nos supports promotionnels pour faire rayonner Yggdrasil.<\/li><\/ul>\t\t\t\t\t\t\t\t<\/div>\n\t\t\t\t<\/div>\n\t\t\t\t\t<\/div>\n\t\t\t\t<\/div>\n\t\t<div class=\"elementor-element elementor-element-9e8ef59 e-flex e-con-boxed e-con e-parent\" data-id=\"9e8ef59\" data-element_type=\"container\" data-e-type=\"container\" data-settings=\"{&quot;background_background&quot;:&quot;classic&quot;,&quot;_ha_eqh_enable&quot;:false}\">\n\t\t\t\t\t<div class=\"e-con-inner\">\n\t\t\t\t<div class=\"elementor-element elementor-element-e1c93e3 elementor-widget-divider--view-line elementor-widget elementor-widget-divider\" data-id=\"e1c93e3\" data-element_type=\"widget\" data-e-type=\"widget\" data-widget_type=\"divider.default\">\n\t\t\t\t<div class=\"elementor-widget-container\">\n\t\t\t\t\t\t\t<div class=\"elementor-divider\">\n\t\t\t<span class=\"elementor-divider-separator\">\n\t\t\t\t\t\t<\/span>\n\t\t<\/div>\n\t\t\t\t\t\t<\/div>\n\t\t\t\t<\/div>\n\t\t\t\t\t<\/div>\n\t\t\t\t<\/div>\n\t\t<div class=\"elementor-element elementor-element-23cc945 e-grid e-con-boxed e-con e-parent\" data-id=\"23cc945\" data-element_type=\"container\" data-e-type=\"container\" data-settings=\"{&quot;background_background&quot;:&quot;classic&quot;,&quot;_ha_eqh_enable&quot;:false}\">\n\t\t\t\t\t<div class=\"e-con-inner\">\n\t\t\t\t<div class=\"elementor-element elementor-element-30a65e4 elementor-widget elementor-widget-heading\" data-id=\"30a65e4\" data-element_type=\"widget\" data-e-type=\"widget\" data-widget_type=\"heading.default\">\n\t\t\t\t<div class=\"elementor-widget-container\">\n\t\t\t\t\t<h2 class=\"elementor-heading-title elementor-size-default\">Atouts pour r\u00e9ussir<\/h2>\t\t\t\t<\/div>\n\t\t\t\t<\/div>\n\t\t\t\t<div class=\"elementor-element elementor-element-0423c62 elementor-widget elementor-widget-text-editor\" data-id=\"0423c62\" data-element_type=\"widget\" data-e-type=\"widget\" data-widget_type=\"text-editor.default\">\n\t\t\t\t<div class=\"elementor-widget-container\">\n\t\t\t\t\t\t\t\t\t<ul><li><strong data-start=\"1386\" data-end=\"1422\">\u0152il artistique et sens du d\u00e9tail<\/strong> : Vous savez capter l\u2019instant parfait, sublimer une sc\u00e8ne et retranscrire une ambiance \u00e0 travers vos images.<\/li><li><strong data-start=\"1537\" data-end=\"1587\">Ma\u00eetrise des outils de captation et de montage<\/strong> : Vous \u00eates \u00e0 l\u2019aise avec les cam\u00e9ras, appareils photo, logiciels de retouche et de montage vid\u00e9o.<\/li><li><strong data-start=\"1692\" data-end=\"1722\">Cr\u00e9ativit\u00e9 et adaptabilit\u00e9<\/strong> : Chaque \u00e9dition du festival est unique ! Vous devez savoir vous adapter \u00e0 la lumi\u00e8re, aux d\u00e9cors et aux moments impr\u00e9vus.<\/li><li><strong data-start=\"1850\" data-end=\"1878\">R\u00e9activit\u00e9 et efficacit\u00e9<\/strong> : L\u2019\u00e9v\u00e9nementiel ne laisse pas de seconde chance. Vous devez \u00eatre rapide pour capturer l\u2019instant au bon moment et produire des contenus de qualit\u00e9 dans des d\u00e9lais serr\u00e9s.<\/li><li><strong data-start=\"2055\" data-end=\"2101\">Passion pour l\u2019univers geek et fantastique<\/strong> (un plus) : Conna\u00eetre les codes des cultures de l\u2019imaginaire est un atout pour capturer au mieux l\u2019essence du festival.<\/li><\/ul>\t\t\t\t\t\t\t\t<\/div>\n\t\t\t\t<\/div>\n\t\t\t\t\t<\/div>\n\t\t\t\t<\/div>\n\t\t<div class=\"elementor-element elementor-element-05cb9d7 e-flex e-con-boxed e-con e-parent\" data-id=\"05cb9d7\" data-element_type=\"container\" data-e-type=\"container\" data-settings=\"{&quot;background_background&quot;:&quot;classic&quot;,&quot;_ha_eqh_enable&quot;:false}\">\n\t\t\t\t\t<div class=\"e-con-inner\">\n\t\t\t\t<div class=\"elementor-element elementor-element-cf8f02d elementor-widget-divider--view-line elementor-widget elementor-widget-divider\" data-id=\"cf8f02d\" data-element_type=\"widget\" data-e-type=\"widget\" data-widget_type=\"divider.default\">\n\t\t\t\t<div class=\"elementor-widget-container\">\n\t\t\t\t\t\t\t<div class=\"elementor-divider\">\n\t\t\t<span class=\"elementor-divider-separator\">\n\t\t\t\t\t\t<\/span>\n\t\t<\/div>\n\t\t\t\t\t\t<\/div>\n\t\t\t\t<\/div>\n\t\t\t\t\t<\/div>\n\t\t\t\t<\/div>\n\t\t<div class=\"elementor-element elementor-element-01cda26 e-grid e-con-boxed e-con e-parent\" data-id=\"01cda26\" data-element_type=\"container\" data-e-type=\"container\" data-settings=\"{&quot;background_background&quot;:&quot;classic&quot;,&quot;_ha_eqh_enable&quot;:false}\">\n\t\t\t\t\t<div class=\"e-con-inner\">\n\t\t\t\t<div class=\"elementor-element elementor-element-fd89f9c elementor-widget elementor-widget-heading\" data-id=\"fd89f9c\" data-element_type=\"widget\" data-e-type=\"widget\" data-widget_type=\"heading.default\">\n\t\t\t\t<div class=\"elementor-widget-container\">\n\t\t\t\t\t<h2 class=\"elementor-heading-title elementor-size-default\">Ce que nous pouvons vous apporter<\/h2>\t\t\t\t<\/div>\n\t\t\t\t<\/div>\n\t\t\t\t<div class=\"elementor-element elementor-element-951a74d elementor-widget elementor-widget-text-editor\" data-id=\"951a74d\" data-element_type=\"widget\" data-e-type=\"widget\" data-widget_type=\"text-editor.default\">\n\t\t\t\t<div class=\"elementor-widget-container\">\n\t\t\t\t\t\t\t\t\t<ul><li><strong data-start=\"2272\" data-end=\"2318\">Un cadre unique pour exprimer votre talent<\/strong> : Yggdrasil est un festival visuellement spectaculaire, offrant une multitude de sc\u00e8nes, de personnages et d\u2019ambiances \u00e0 capturer.<\/li><li><strong data-start=\"2455\" data-end=\"2495\">Une exp\u00e9rience terrain enrichissante<\/strong> : Plongez dans l\u2019\u00e9v\u00e9nementiel, perfectionnez vos comp\u00e9tences en photo et vid\u00e9o en conditions r\u00e9elles et d\u00e9veloppez votre portfolio.<\/li><li><strong data-start=\"2633\" data-end=\"2674\">Une collaboration avec des passionn\u00e9s<\/strong> : \u00c9changez avec l\u2019\u00e9quipe cr\u00e9ative, les artistes et les participants pour cr\u00e9er des contenus impactants.<\/li><li><strong data-start=\"2784\" data-end=\"2824\">Une visibilit\u00e9 et une reconnaissance<\/strong> : Votre travail sera mis en avant sur nos plateformes, permettant de valoriser votre talent aupr\u00e8s d\u2019une large communaut\u00e9.<\/li><\/ul>\t\t\t\t\t\t\t\t<\/div>\n\t\t\t\t<\/div>\n\t\t\t\t\t<\/div>\n\t\t\t\t<\/div>\n\t\t<div class=\"elementor-element elementor-element-07ce9ad e-flex e-con-boxed e-con e-parent\" data-id=\"07ce9ad\" data-element_type=\"container\" data-e-type=\"container\" data-settings=\"{&quot;background_background&quot;:&quot;classic&quot;,&quot;_ha_eqh_enable&quot;:false}\">\n\t\t\t\t\t<div class=\"e-con-inner\">\n\t\t\t\t<div class=\"elementor-element elementor-element-54fa4ef elementor-widget elementor-widget-spacer\" data-id=\"54fa4ef\" data-element_type=\"widget\" data-e-type=\"widget\" data-widget_type=\"spacer.default\">\n\t\t\t\t<div class=\"elementor-widget-container\">\n\t\t\t\t\t\t\t<div class=\"elementor-spacer\">\n\t\t\t<div class=\"elementor-spacer-inner\"><\/div>\n\t\t<\/div>\n\t\t\t\t\t\t<\/div>\n\t\t\t\t<\/div>\n\t\t\t\t\t<\/div>\n\t\t\t\t<\/div>\n\t\t<div class=\"elementor-element elementor-element-e4183f4 e-flex e-con-boxed e-con e-parent\" data-id=\"e4183f4\" data-element_type=\"container\" data-e-type=\"container\" data-settings=\"{&quot;background_background&quot;:&quot;classic&quot;,&quot;_ha_eqh_enable&quot;:false}\">\n\t\t\t\t\t<div class=\"e-con-inner\">\n\t\t\t\t<div class=\"elementor-element elementor-element-8dc7a6f elementor-align-right elementor-widget elementor-widget-button\" data-id=\"8dc7a6f\" data-element_type=\"widget\" data-e-type=\"widget\" data-widget_type=\"button.default\">\n\t\t\t\t<div class=\"elementor-widget-container\">\n\t\t\t\t\t\t\t\t\t<div class=\"elementor-button-wrapper\">\n\t\t\t\t\t<a class=\"elementor-button elementor-button-link elementor-size-sm\" href=\"mailto:stage@festivalyggdrasil.com\">\n\t\t\t\t\t\t<span class=\"elementor-button-content-wrapper\">\n\t\t\t\t\t\t\t\t\t<span class=\"elementor-button-text\">Contact inscrition<\/span>\n\t\t\t\t\t<\/span>\n\t\t\t\t\t<\/a>\n\t\t\t\t<\/div>\n\t\t\t\t\t\t\t\t<\/div>\n\t\t\t\t<\/div>\n\t\t\t\t\t<\/div>\n\t\t\t\t<\/div>\n\t\t\t\t<\/div>\n\t\t","protected":false},"excerpt":{"rendered":"<p>Devenir stagiaire en photographie et vid\u00e9o chez Festival Yggdrasil Le festival Yggdrasil, c\u2019est bien plus qu\u2019un \u00e9v\u00e9nement : c\u2019est une porte ouverte vers les mondes de l\u2019imaginaire, un lieu o\u00f9 se croisent passionn\u00e9s de geek-pop-culture, cr\u00e9atures fantastiques et aventuriers en qu\u00eate d\u2019\u00e9merveillement. Chaque ann\u00e9e, plus de 30 000 visiteurs se laissent transporter par cette exp\u00e9rience [&hellip;]<\/p>\n","protected":false},"author":6,"featured_media":0,"parent":8,"menu_order":0,"comment_status":"open","ping_status":"closed","template":"","meta":{"footnotes":""},"wf_page_folders":[100],"class_list":["post-29243","page","type-page","status-publish","hentry"],"_links":{"self":[{"href":"https:\/\/festyggdrasil.fr\/index.php\/wp-json\/wp\/v2\/pages\/29243","targetHints":{"allow":["GET"]}}],"collection":[{"href":"https:\/\/festyggdrasil.fr\/index.php\/wp-json\/wp\/v2\/pages"}],"about":[{"href":"https:\/\/festyggdrasil.fr\/index.php\/wp-json\/wp\/v2\/types\/page"}],"author":[{"embeddable":true,"href":"https:\/\/festyggdrasil.fr\/index.php\/wp-json\/wp\/v2\/users\/6"}],"replies":[{"embeddable":true,"href":"https:\/\/festyggdrasil.fr\/index.php\/wp-json\/wp\/v2\/comments?post=29243"}],"version-history":[{"count":9,"href":"https:\/\/festyggdrasil.fr\/index.php\/wp-json\/wp\/v2\/pages\/29243\/revisions"}],"predecessor-version":[{"id":29915,"href":"https:\/\/festyggdrasil.fr\/index.php\/wp-json\/wp\/v2\/pages\/29243\/revisions\/29915"}],"up":[{"embeddable":true,"href":"https:\/\/festyggdrasil.fr\/index.php\/wp-json\/wp\/v2\/pages\/8"}],"wp:attachment":[{"href":"https:\/\/festyggdrasil.fr\/index.php\/wp-json\/wp\/v2\/media?parent=29243"}],"wp:term":[{"taxonomy":"wf_page_folders","embeddable":true,"href":"https:\/\/festyggdrasil.fr\/index.php\/wp-json\/wp\/v2\/wf_page_folders?post=29243"}],"curies":[{"name":"wp","href":"https:\/\/api.w.org\/{rel}","templated":true}]}}