{"id":31335,"date":"2025-05-20T16:46:43","date_gmt":"2025-05-20T14:46:43","guid":{"rendered":"https:\/\/festyggdrasil.fr\/?page_id=31335"},"modified":"2025-12-15T16:46:36","modified_gmt":"2025-12-15T15:46:36","slug":"boutique","status":"publish","type":"page","link":"https:\/\/festyggdrasil.fr\/index.php\/boutique\/","title":{"rendered":"Billetterie"},"content":{"rendered":"\t\t<div data-elementor-type=\"wp-page\" data-elementor-id=\"31335\" class=\"elementor elementor-31335\" data-elementor-settings=\"{&quot;ha_cmc_init_switcher&quot;:&quot;no&quot;}\" data-elementor-post-type=\"page\">\n\t\t\t\t<div class=\"elementor-element elementor-element-dd8a215 bloc-fantasy1 e-flex e-con-boxed e-con e-parent\" data-id=\"dd8a215\" data-element_type=\"container\" data-e-type=\"container\" data-settings=\"{&quot;background_background&quot;:&quot;classic&quot;,&quot;_ha_eqh_enable&quot;:false}\">\n\t\t\t\t\t<div class=\"e-con-inner\">\n\t\t<div class=\"elementor-element elementor-element-854f057 e-con-full e-flex e-con e-child\" data-id=\"854f057\" data-element_type=\"container\" data-e-type=\"container\" data-settings=\"{&quot;_ha_eqh_enable&quot;:false}\">\n\t\t\t\t<div class=\"elementor-element elementor-element-39204b2 elementor-widget elementor-widget-heading\" data-id=\"39204b2\" data-element_type=\"widget\" data-e-type=\"widget\" data-widget_type=\"heading.default\">\n\t\t\t\t<div class=\"elementor-widget-container\">\n\t\t\t\t\t<h4 class=\"elementor-heading-title elementor-size-default\">Immergez vous dans des univers fantastiques, pour vivre une exp\u00e9rience m\u00e9morable<br><b>R\u00e9servez vos billets d\u00e8s aujourd\u2019hui.<\/b><\/h4>\t\t\t\t<\/div>\n\t\t\t\t<\/div>\n\t\t<div class=\"elementor-element elementor-element-a2eb6bc e-con-full e-flex e-con e-child\" data-id=\"a2eb6bc\" data-element_type=\"container\" data-e-type=\"container\" data-settings=\"{&quot;_ha_eqh_enable&quot;:false}\">\n\t\t<div data-ha-element-link=\"{&quot;url&quot;:&quot;https:\\\/\\\/www.billetweb.fr\\\/festival-yggdrasil-2026&quot;,&quot;is_external&quot;:&quot;on&quot;,&quot;nofollow&quot;:&quot;&quot;}\" style=\"cursor: pointer\" class=\"elementor-element elementor-element-f4ae77c e-con-full widget-guest e-flex e-con e-child\" data-id=\"f4ae77c\" data-element_type=\"container\" data-e-type=\"container\" data-settings=\"{&quot;_ha_eqh_enable&quot;:false}\">\n\t\t\t\t<div class=\"elementor-element elementor-element-cd8ce17 elementor-widget elementor-widget-image\" data-id=\"cd8ce17\" data-element_type=\"widget\" data-e-type=\"widget\" data-widget_type=\"image.default\">\n\t\t\t\t<div class=\"elementor-widget-container\">\n\t\t\t\t\t\t\t\t\t\t\t\t\t\t\t<img fetchpriority=\"high\" decoding=\"async\" width=\"800\" height=\"1086\" src=\"https:\/\/festyggdrasil.fr\/wp-content\/uploads\/2025\/12\/document-de-base-20-Affiche-Light-884x1200.jpg\" class=\"attachment-large size-large wp-image-36123\" alt=\"\" srcset=\"https:\/\/festyggdrasil.fr\/wp-content\/uploads\/2025\/12\/document-de-base-20-Affiche-Light-884x1200.jpg 884w, https:\/\/festyggdrasil.fr\/wp-content\/uploads\/2025\/12\/document-de-base-20-Affiche-Light-368x500.jpg 368w, https:\/\/festyggdrasil.fr\/wp-content\/uploads\/2025\/12\/document-de-base-20-Affiche-Light-221x300.jpg 221w, https:\/\/festyggdrasil.fr\/wp-content\/uploads\/2025\/12\/document-de-base-20-Affiche-Light-768x1042.jpg 768w, https:\/\/festyggdrasil.fr\/wp-content\/uploads\/2025\/12\/document-de-base-20-Affiche-Light-1132x1536.jpg 1132w, https:\/\/festyggdrasil.fr\/wp-content\/uploads\/2025\/12\/document-de-base-20-Affiche-Light.jpg 1357w\" sizes=\"(max-width: 800px) 100vw, 800px\" \/>\t\t\t\t\t\t\t\t\t\t\t\t\t\t\t<\/div>\n\t\t\t\t<\/div>\n\t\t\t\t<div class=\"elementor-element elementor-element-c339f5f elementor-widget elementor-widget-heading\" data-id=\"c339f5f\" data-element_type=\"widget\" data-e-type=\"widget\" data-widget_type=\"heading.default\">\n\t\t\t\t<div class=\"elementor-widget-container\">\n\t\t\t\t\t<h4 class=\"elementor-heading-title elementor-size-default\">Yggdrasil Indoor<\/h4>\t\t\t\t<\/div>\n\t\t\t\t<\/div>\n\t\t\t\t<div class=\"elementor-element elementor-element-42185e9 elementor-widget elementor-widget-heading\" data-id=\"42185e9\" data-element_type=\"widget\" data-e-type=\"widget\" data-widget_type=\"heading.default\">\n\t\t\t\t<div class=\"elementor-widget-container\">\n\t\t\t\t\t<h5 class=\"elementor-heading-title elementor-size-default\">7 &amp; 8 Mars 2026 \u00e0 Eurexpo<\/h5>\t\t\t\t<\/div>\n\t\t\t\t<\/div>\n\t\t\t\t<div class=\"elementor-element elementor-element-7649e9e elementor-widget elementor-widget-text-editor\" data-id=\"7649e9e\" data-element_type=\"widget\" data-e-type=\"widget\" data-widget_type=\"text-editor.default\">\n\t\t\t\t<div class=\"elementor-widget-container\">\n\t\t\t\t\t\t\t\t\t<p>Pour ceux qui veulent explorer et d\u00e9couvrir tous les univers !<\/p>\t\t\t\t\t\t\t\t<\/div>\n\t\t\t\t<\/div>\n\t\t\t\t<\/div>\n\t\t\t\t<\/div>\n\t\t\t\t<\/div>\n\t\t<div class=\"elementor-element elementor-element-b01c8f1 e-con-full e-flex e-con e-child\" data-id=\"b01c8f1\" data-element_type=\"container\" data-e-type=\"container\" data-settings=\"{&quot;_ha_eqh_enable&quot;:false}\">\n\t\t<div class=\"elementor-element elementor-element-d82b9c5 e-con-full e-flex e-con e-child\" data-id=\"d82b9c5\" data-element_type=\"container\" data-e-type=\"container\" data-settings=\"{&quot;_ha_eqh_enable&quot;:false}\">\n\t\t\t\t<div class=\"elementor-element elementor-element-6199624 elementor-widget elementor-widget-heading\" data-id=\"6199624\" data-element_type=\"widget\" data-e-type=\"widget\" data-widget_type=\"heading.default\">\n\t\t\t\t<div class=\"elementor-widget-container\">\n\t\t\t\t\t<h2 class=\"elementor-heading-title elementor-size-default\">Billetterie en pr\u00e9paration...<\/h2>\t\t\t\t<\/div>\n\t\t\t\t<\/div>\n\t\t\t\t<\/div>\n\t\t<div class=\"elementor-element elementor-element-f58f010 e-con-full e-flex e-con e-child\" data-id=\"f58f010\" data-element_type=\"container\" data-e-type=\"container\" data-settings=\"{&quot;_ha_eqh_enable&quot;:false}\">\n\t\t<div class=\"elementor-element elementor-element-a0fa53e e-con-full widget-guest e-flex e-con e-child\" data-id=\"a0fa53e\" data-element_type=\"container\" data-e-type=\"container\" data-settings=\"{&quot;_ha_eqh_enable&quot;:false}\">\n\t\t\t\t<div class=\"elementor-element elementor-element-22cdb42 elementor-widget elementor-widget-image\" data-id=\"22cdb42\" data-element_type=\"widget\" data-e-type=\"widget\" data-widget_type=\"image.default\">\n\t\t\t\t<div class=\"elementor-widget-container\">\n\t\t\t\t\t\t\t\t\t\t\t\t\t\t\t<img decoding=\"async\" width=\"800\" height=\"1120\" src=\"https:\/\/festyggdrasil.fr\/wp-content\/uploads\/2025\/06\/affiche_ffl25-857x1200.jpg\" class=\"attachment-large size-large wp-image-35444\" alt=\"\" srcset=\"https:\/\/festyggdrasil.fr\/wp-content\/uploads\/2025\/06\/affiche_ffl25-857x1200.jpg 857w, https:\/\/festyggdrasil.fr\/wp-content\/uploads\/2025\/06\/affiche_ffl25-357x500.jpg 357w, https:\/\/festyggdrasil.fr\/wp-content\/uploads\/2025\/06\/affiche_ffl25-214x300.jpg 214w, https:\/\/festyggdrasil.fr\/wp-content\/uploads\/2025\/06\/affiche_ffl25-768x1076.jpg 768w, https:\/\/festyggdrasil.fr\/wp-content\/uploads\/2025\/06\/affiche_ffl25.jpg 1080w\" sizes=\"(max-width: 800px) 100vw, 800px\" \/>\t\t\t\t\t\t\t\t\t\t\t\t\t\t\t<\/div>\n\t\t\t\t<\/div>\n\t\t\t\t<div class=\"elementor-element elementor-element-6719beb elementor-widget elementor-widget-heading\" data-id=\"6719beb\" data-element_type=\"widget\" data-e-type=\"widget\" data-widget_type=\"heading.default\">\n\t\t\t\t<div class=\"elementor-widget-container\">\n\t\t\t\t\t<h4 class=\"elementor-heading-title elementor-size-default\">Fort Fort Lointain<\/h4>\t\t\t\t<\/div>\n\t\t\t\t<\/div>\n\t\t\t\t<div class=\"elementor-element elementor-element-51b25a2 elementor-widget elementor-widget-heading\" data-id=\"51b25a2\" data-element_type=\"widget\" data-e-type=\"widget\" data-widget_type=\"heading.default\">\n\t\t\t\t<div class=\"elementor-widget-container\">\n\t\t\t\t\t<h5 class=\"elementor-heading-title elementor-size-default\">5 &amp; 6 Septembre 2026 \u00e0 Bron <\/h5>\t\t\t\t<\/div>\n\t\t\t\t<\/div>\n\t\t\t\t<div class=\"elementor-element elementor-element-5e0b306 elementor-widget elementor-widget-text-editor\" data-id=\"5e0b306\" data-element_type=\"widget\" data-e-type=\"widget\" data-widget_type=\"text-editor.default\">\n\t\t\t\t<div class=\"elementor-widget-container\">\n\t\t\t\t\t\t\t\t\t<p>Pour ceux qui aiment le grand air et l&rsquo;ambiance m\u00e9di\u00e9val !<\/p>\t\t\t\t\t\t\t\t<\/div>\n\t\t\t\t<\/div>\n\t\t\t\t<\/div>\n\t\t<div data-ha-element-link=\"{&quot;url&quot;:&quot;https:\\\/\\\/www.billetweb.fr\\\/letrange-noel-des-sorciers-2025&quot;,&quot;is_external&quot;:&quot;&quot;,&quot;nofollow&quot;:&quot;&quot;}\" style=\"cursor: pointer\" class=\"elementor-element elementor-element-a895671 e-con-full e-transform e-transform widget-guest e-flex elementor-invisible e-con e-child\" data-id=\"a895671\" data-element_type=\"container\" data-e-type=\"container\" data-settings=\"{&quot;animation&quot;:&quot;fadeIn&quot;,&quot;_transform_scale_effect_hover&quot;:{&quot;unit&quot;:&quot;px&quot;,&quot;size&quot;:1.05,&quot;sizes&quot;:[]},&quot;_ha_eqh_enable&quot;:false,&quot;_transform_scale_effect&quot;:{&quot;unit&quot;:&quot;px&quot;,&quot;size&quot;:&quot;&quot;,&quot;sizes&quot;:[]},&quot;_transform_scale_effect_tablet&quot;:{&quot;unit&quot;:&quot;px&quot;,&quot;size&quot;:&quot;&quot;,&quot;sizes&quot;:[]},&quot;_transform_scale_effect_mobile&quot;:{&quot;unit&quot;:&quot;px&quot;,&quot;size&quot;:&quot;&quot;,&quot;sizes&quot;:[]},&quot;_transform_scale_effect_hover_tablet&quot;:{&quot;unit&quot;:&quot;px&quot;,&quot;size&quot;:&quot;&quot;,&quot;sizes&quot;:[]},&quot;_transform_scale_effect_hover_mobile&quot;:{&quot;unit&quot;:&quot;px&quot;,&quot;size&quot;:&quot;&quot;,&quot;sizes&quot;:[]}}\">\n\t\t\t\t<div class=\"elementor-element elementor-element-20ba7c7 elementor-widget elementor-widget-image\" data-id=\"20ba7c7\" data-element_type=\"widget\" data-e-type=\"widget\" data-widget_type=\"image.default\">\n\t\t\t\t<div class=\"elementor-widget-container\">\n\t\t\t\t\t\t\t\t\t\t\t\t\t\t\t<img decoding=\"async\" width=\"800\" height=\"1086\" src=\"https:\/\/festyggdrasil.fr\/wp-content\/uploads\/2025\/07\/Affiche-simplifie-ENDS-884x1200.png\" class=\"attachment-large size-large wp-image-35707\" alt=\"\" srcset=\"https:\/\/festyggdrasil.fr\/wp-content\/uploads\/2025\/07\/Affiche-simplifie-ENDS-884x1200.png 884w, https:\/\/festyggdrasil.fr\/wp-content\/uploads\/2025\/07\/Affiche-simplifie-ENDS-368x500.png 368w, https:\/\/festyggdrasil.fr\/wp-content\/uploads\/2025\/07\/Affiche-simplifie-ENDS-221x300.png 221w, https:\/\/festyggdrasil.fr\/wp-content\/uploads\/2025\/07\/Affiche-simplifie-ENDS-768x1042.png 768w, https:\/\/festyggdrasil.fr\/wp-content\/uploads\/2025\/07\/Affiche-simplifie-ENDS-1132x1536.png 1132w, https:\/\/festyggdrasil.fr\/wp-content\/uploads\/2025\/07\/Affiche-simplifie-ENDS.png 1357w\" sizes=\"(max-width: 800px) 100vw, 800px\" \/>\t\t\t\t\t\t\t\t\t\t\t\t\t\t\t<\/div>\n\t\t\t\t<\/div>\n\t\t\t\t<div class=\"elementor-element elementor-element-ec5ebcc elementor-widget elementor-widget-heading\" data-id=\"ec5ebcc\" data-element_type=\"widget\" data-e-type=\"widget\" data-widget_type=\"heading.default\">\n\t\t\t\t<div class=\"elementor-widget-container\">\n\t\t\t\t\t<h4 class=\"elementor-heading-title elementor-size-default\">L'\u00e9trange No\u00ebl des sorciers<\/h4>\t\t\t\t<\/div>\n\t\t\t\t<\/div>\n\t\t\t\t<div class=\"elementor-element elementor-element-912136b elementor-widget elementor-widget-heading\" data-id=\"912136b\" data-element_type=\"widget\" data-e-type=\"widget\" data-widget_type=\"heading.default\">\n\t\t\t\t<div class=\"elementor-widget-container\">\n\t\t\t\t\t<h5 class=\"elementor-heading-title elementor-size-default\">25 &amp; 26 Oct et 1 &amp; 2 Novembre \u00e0 Bron<\/h5>\t\t\t\t<\/div>\n\t\t\t\t<\/div>\n\t\t\t\t<div class=\"elementor-element elementor-element-86901bf elementor-widget elementor-widget-text-editor\" data-id=\"86901bf\" data-element_type=\"widget\" data-e-type=\"widget\" data-widget_type=\"text-editor.default\">\n\t\t\t\t<div class=\"elementor-widget-container\">\n\t\t\t\t\t\t\t\t\t<p>Pour ceux qui aiment la magie de noel et la magie tout court !\u200b<\/p>\t\t\t\t\t\t\t\t<\/div>\n\t\t\t\t<\/div>\n\t\t\t\t<\/div>\n\t\t\t\t<\/div>\n\t\t\t\t<\/div>\n\t\t<div class=\"elementor-element elementor-element-0e825f6 container1 elementor-hidden-desktop elementor-hidden-tablet elementor-hidden-mobile e-flex e-con-boxed e-con e-child\" data-id=\"0e825f6\" data-element_type=\"container\" data-e-type=\"container\" data-settings=\"{&quot;background_background&quot;:&quot;classic&quot;,&quot;_ha_eqh_enable&quot;:false}\">\n\t\t\t\t\t<div class=\"e-con-inner\">\n\t\t\t\t\t<\/div>\n\t\t\t\t<\/div>\n\t\t\t\t<div class=\"elementor-element elementor-element-3b1d264 elementor-widget elementor-widget-spacer\" data-id=\"3b1d264\" data-element_type=\"widget\" data-e-type=\"widget\" data-widget_type=\"spacer.default\">\n\t\t\t\t<div class=\"elementor-widget-container\">\n\t\t\t\t\t\t\t<div class=\"elementor-spacer\">\n\t\t\t<div class=\"elementor-spacer-inner\"><\/div>\n\t\t<\/div>\n\t\t\t\t\t\t<\/div>\n\t\t\t\t<\/div>\n\t\t\t\t\t<\/div>\n\t\t\t\t<\/div>\n\t\t\t\t<\/div>\n\t\t","protected":false},"excerpt":{"rendered":"<p>Immergez vous dans des univers fantastiques, pour vivre une exp\u00e9rience m\u00e9morableR\u00e9servez vos billets d\u00e8s aujourd\u2019hui. Yggdrasil Indoor 7 &amp; 8 Mars 2026 \u00e0 Eurexpo Pour ceux qui veulent explorer et d\u00e9couvrir tous les univers ! Billetterie en pr\u00e9paration&#8230; Fort Fort Lointain 5 &amp; 6 Septembre 2026 \u00e0 Bron Pour ceux qui aiment le grand air [&hellip;]<\/p>\n","protected":false},"author":5,"featured_media":0,"parent":0,"menu_order":0,"comment_status":"closed","ping_status":"closed","template":"","meta":{"footnotes":""},"wf_page_folders":[],"class_list":["post-31335","page","type-page","status-publish","hentry"],"_links":{"self":[{"href":"https:\/\/festyggdrasil.fr\/index.php\/wp-json\/wp\/v2\/pages\/31335","targetHints":{"allow":["GET"]}}],"collection":[{"href":"https:\/\/festyggdrasil.fr\/index.php\/wp-json\/wp\/v2\/pages"}],"about":[{"href":"https:\/\/festyggdrasil.fr\/index.php\/wp-json\/wp\/v2\/types\/page"}],"author":[{"embeddable":true,"href":"https:\/\/festyggdrasil.fr\/index.php\/wp-json\/wp\/v2\/users\/5"}],"replies":[{"embeddable":true,"href":"https:\/\/festyggdrasil.fr\/index.php\/wp-json\/wp\/v2\/comments?post=31335"}],"version-history":[{"count":95,"href":"https:\/\/festyggdrasil.fr\/index.php\/wp-json\/wp\/v2\/pages\/31335\/revisions"}],"predecessor-version":[{"id":36138,"href":"https:\/\/festyggdrasil.fr\/index.php\/wp-json\/wp\/v2\/pages\/31335\/revisions\/36138"}],"wp:attachment":[{"href":"https:\/\/festyggdrasil.fr\/index.php\/wp-json\/wp\/v2\/media?parent=31335"}],"wp:term":[{"taxonomy":"wf_page_folders","embeddable":true,"href":"https:\/\/festyggdrasil.fr\/index.php\/wp-json\/wp\/v2\/wf_page_folders?post=31335"}],"curies":[{"name":"wp","href":"https:\/\/api.w.org\/{rel}","templated":true}]}}