{"id":32340,"date":"2025-05-28T11:07:38","date_gmt":"2025-05-28T09:07:38","guid":{"rendered":"https:\/\/festyggdrasil.fr\/?page_id=32340"},"modified":"2025-06-17T15:22:51","modified_gmt":"2025-06-17T13:22:51","slug":"univers-ends","status":"publish","type":"page","link":"https:\/\/festyggdrasil.fr\/index.php\/ends25-accueil\/univers-ends\/","title":{"rendered":"Les boutiques"},"content":{"rendered":"\t\t<div data-elementor-type=\"wp-page\" data-elementor-id=\"32340\" class=\"elementor elementor-32340\" data-elementor-settings=\"{&quot;ha_cmc_init_switcher&quot;:&quot;no&quot;}\" data-elementor-post-type=\"page\">\n\t\t\t\t<div class=\"elementor-element elementor-element-da44915 bloc-fantasy1 e-flex e-con-boxed e-con e-parent\" data-id=\"da44915\" data-element_type=\"container\" data-e-type=\"container\" data-settings=\"{&quot;_ha_eqh_enable&quot;:false}\">\n\t\t\t\t\t<div class=\"e-con-inner\">\n\t\t<div class=\"elementor-element elementor-element-e9e9608 e-con-full e-flex e-con e-child\" data-id=\"e9e9608\" data-element_type=\"container\" data-e-type=\"container\" data-settings=\"{&quot;_ha_eqh_enable&quot;:false}\">\n\t\t\t\t<div class=\"elementor-element elementor-element-a56c7cf elementor-widget elementor-widget-heading\" data-id=\"a56c7cf\" data-element_type=\"widget\" data-e-type=\"widget\" data-widget_type=\"heading.default\">\n\t\t\t\t<div class=\"elementor-widget-container\">\n\t\t\t\t\t<h2 class=\"elementor-heading-title elementor-size-default\">De nouveaux tr\u00e9sors sont en route\u2026 Les \u00e9tag\u00e8res se pr\u00e9parent \u00e0 les accueillir.<\/h2>\t\t\t\t<\/div>\n\t\t\t\t<\/div>\n\t\t\t\t<div class=\"elementor-element elementor-element-43d6738 elementor-widget elementor-widget-gallery\" data-id=\"43d6738\" data-element_type=\"widget\" data-e-type=\"widget\" data-settings=\"{&quot;lazyload&quot;:&quot;yes&quot;,&quot;gallery_layout&quot;:&quot;grid&quot;,&quot;columns&quot;:4,&quot;columns_tablet&quot;:2,&quot;columns_mobile&quot;:1,&quot;gap&quot;:{&quot;unit&quot;:&quot;px&quot;,&quot;size&quot;:10,&quot;sizes&quot;:[]},&quot;gap_tablet&quot;:{&quot;unit&quot;:&quot;px&quot;,&quot;size&quot;:10,&quot;sizes&quot;:[]},&quot;gap_mobile&quot;:{&quot;unit&quot;:&quot;px&quot;,&quot;size&quot;:10,&quot;sizes&quot;:[]},&quot;link_to&quot;:&quot;file&quot;,&quot;aspect_ratio&quot;:&quot;3:2&quot;,&quot;overlay_background&quot;:&quot;yes&quot;,&quot;content_hover_animation&quot;:&quot;fade-in&quot;}\" data-widget_type=\"gallery.default\">\n\t\t\t\t<div class=\"elementor-widget-container\">\n\t\t\t\t\t\t\t<div class=\"elementor-gallery__container\">\n\t\t\t\t\t\t\t<a class=\"e-gallery-item elementor-gallery-item elementor-animated-content\" href=\"https:\/\/festyggdrasil.fr\/wp-content\/uploads\/2025\/06\/animations-photo-7-Laveau-Matik-1.jpg\" data-elementor-open-lightbox=\"yes\" data-elementor-lightbox-slideshow=\"43d6738\" data-e-action-hash=\"#elementor-action%3Aaction%3Dlightbox%26settings%3DeyJpZCI6MzQ0NjUsInVybCI6Imh0dHBzOlwvXC9mZXN0eWdnZHJhc2lsLmZyXC93cC1jb250ZW50XC91cGxvYWRzXC8yMDI1XC8wNlwvYW5pbWF0aW9ucy1waG90by03LUxhdmVhdS1NYXRpay0xLmpwZyIsInNsaWRlc2hvdyI6IjQzZDY3MzgifQ%3D%3D\">\n\t\t\t\t\t<div class=\"e-gallery-image elementor-gallery-item__image\" data-thumbnail=\"https:\/\/festyggdrasil.fr\/wp-content\/uploads\/2025\/06\/animations-photo-7-Laveau-Matik-1-500x500.jpg\" data-width=\"500\" data-height=\"500\" aria-label=\"\" role=\"img\" ><\/div>\n\t\t\t\t\t\t\t\t\t\t\t<div class=\"elementor-gallery-item__overlay\"><\/div>\n\t\t\t\t\t\t\t\t\t\t\t\t\t\t<\/a>\n\t\t\t\t\t\t\t<a class=\"e-gallery-item elementor-gallery-item elementor-animated-content\" href=\"https:\/\/festyggdrasil.fr\/wp-content\/uploads\/2025\/06\/animations-photo-8-Menhir-et-compagnie-1.jpg\" data-elementor-open-lightbox=\"yes\" data-elementor-lightbox-slideshow=\"43d6738\" data-e-action-hash=\"#elementor-action%3Aaction%3Dlightbox%26settings%3DeyJpZCI6MzQ0NjYsInVybCI6Imh0dHBzOlwvXC9mZXN0eWdnZHJhc2lsLmZyXC93cC1jb250ZW50XC91cGxvYWRzXC8yMDI1XC8wNlwvYW5pbWF0aW9ucy1waG90by04LU1lbmhpci1ldC1jb21wYWduaWUtMS5qcGciLCJzbGlkZXNob3ciOiI0M2Q2NzM4In0%3D\">\n\t\t\t\t\t<div class=\"e-gallery-image elementor-gallery-item__image\" data-thumbnail=\"https:\/\/festyggdrasil.fr\/wp-content\/uploads\/2025\/06\/animations-photo-8-Menhir-et-compagnie-1-500x500.jpg\" data-width=\"500\" data-height=\"500\" aria-label=\"\" role=\"img\" ><\/div>\n\t\t\t\t\t\t\t\t\t\t\t<div class=\"elementor-gallery-item__overlay\"><\/div>\n\t\t\t\t\t\t\t\t\t\t\t\t\t\t<\/a>\n\t\t\t\t\t\t\t<a class=\"e-gallery-item elementor-gallery-item elementor-animated-content\" href=\"https:\/\/festyggdrasil.fr\/wp-content\/uploads\/2025\/06\/animations-photo-9-Hair-Boristerie-2.jpg\" data-elementor-open-lightbox=\"yes\" data-elementor-lightbox-slideshow=\"43d6738\" data-e-action-hash=\"#elementor-action%3Aaction%3Dlightbox%26settings%3DeyJpZCI6MzQ0NjcsInVybCI6Imh0dHBzOlwvXC9mZXN0eWdnZHJhc2lsLmZyXC93cC1jb250ZW50XC91cGxvYWRzXC8yMDI1XC8wNlwvYW5pbWF0aW9ucy1waG90by05LUhhaXItQm9yaXN0ZXJpZS0yLmpwZyIsInNsaWRlc2hvdyI6IjQzZDY3MzgifQ%3D%3D\">\n\t\t\t\t\t<div class=\"e-gallery-image elementor-gallery-item__image\" data-thumbnail=\"https:\/\/festyggdrasil.fr\/wp-content\/uploads\/2025\/06\/animations-photo-9-Hair-Boristerie-2-500x500.jpg\" data-width=\"500\" data-height=\"500\" aria-label=\"\" role=\"img\" ><\/div>\n\t\t\t\t\t\t\t\t\t\t\t<div class=\"elementor-gallery-item__overlay\"><\/div>\n\t\t\t\t\t\t\t\t\t\t\t\t\t\t<\/a>\n\t\t\t\t\t\t\t<a class=\"e-gallery-item elementor-gallery-item elementor-animated-content\" href=\"https:\/\/festyggdrasil.fr\/wp-content\/uploads\/2025\/06\/ENDS23-officiel-QDLT-73.jpg\" data-elementor-open-lightbox=\"yes\" data-elementor-lightbox-slideshow=\"43d6738\" data-e-action-hash=\"#elementor-action%3Aaction%3Dlightbox%26settings%3DeyJpZCI6MzQ2MjMsInVybCI6Imh0dHBzOlwvXC9mZXN0eWdnZHJhc2lsLmZyXC93cC1jb250ZW50XC91cGxvYWRzXC8yMDI1XC8wNlwvRU5EUzIzLW9mZmljaWVsLVFETFQtNzMuanBnIiwic2xpZGVzaG93IjoiNDNkNjczOCJ9\">\n\t\t\t\t\t<div class=\"e-gallery-image elementor-gallery-item__image\" data-thumbnail=\"https:\/\/festyggdrasil.fr\/wp-content\/uploads\/2025\/06\/ENDS23-officiel-QDLT-73-500x333.jpg\" data-width=\"500\" data-height=\"333\" aria-label=\"\" role=\"img\" ><\/div>\n\t\t\t\t\t\t\t\t\t\t\t<div class=\"elementor-gallery-item__overlay\"><\/div>\n\t\t\t\t\t\t\t\t\t\t\t\t\t\t<\/a>\n\t\t\t\t\t\t\t<a class=\"e-gallery-item elementor-gallery-item elementor-animated-content\" href=\"https:\/\/festyggdrasil.fr\/wp-content\/uploads\/2025\/06\/animations-photo-25-La-souffleuse-de-verre-1.jpg\" data-elementor-open-lightbox=\"yes\" data-elementor-lightbox-slideshow=\"43d6738\" data-e-action-hash=\"#elementor-action%3Aaction%3Dlightbox%26settings%3DeyJpZCI6MzQ0NzMsInVybCI6Imh0dHBzOlwvXC9mZXN0eWdnZHJhc2lsLmZyXC93cC1jb250ZW50XC91cGxvYWRzXC8yMDI1XC8wNlwvYW5pbWF0aW9ucy1waG90by0yNS1MYS1zb3VmZmxldXNlLWRlLXZlcnJlLTEuanBnIiwic2xpZGVzaG93IjoiNDNkNjczOCJ9\">\n\t\t\t\t\t<div class=\"e-gallery-image elementor-gallery-item__image\" data-thumbnail=\"https:\/\/festyggdrasil.fr\/wp-content\/uploads\/2025\/06\/animations-photo-25-La-souffleuse-de-verre-1-500x500.jpg\" data-width=\"500\" data-height=\"500\" aria-label=\"\" role=\"img\" ><\/div>\n\t\t\t\t\t\t\t\t\t\t\t<div class=\"elementor-gallery-item__overlay\"><\/div>\n\t\t\t\t\t\t\t\t\t\t\t\t\t\t<\/a>\n\t\t\t\t\t<\/div>\n\t\t\t\t\t<\/div>\n\t\t\t\t<\/div>\n\t\t\t\t<\/div>\n\t\t\t\t\t<\/div>\n\t\t\t\t<\/div>\n\t\t\t\t<\/div>\n\t\t","protected":false},"excerpt":{"rendered":"<p>De nouveaux tr\u00e9sors sont en route\u2026 Les \u00e9tag\u00e8res se pr\u00e9parent \u00e0 les accueillir.<\/p>\n","protected":false},"author":5,"featured_media":0,"parent":27379,"menu_order":0,"comment_status":"closed","ping_status":"closed","template":"","meta":{"footnotes":""},"wf_page_folders":[37],"class_list":["post-32340","page","type-page","status-publish","hentry"],"_links":{"self":[{"href":"https:\/\/festyggdrasil.fr\/index.php\/wp-json\/wp\/v2\/pages\/32340","targetHints":{"allow":["GET"]}}],"collection":[{"href":"https:\/\/festyggdrasil.fr\/index.php\/wp-json\/wp\/v2\/pages"}],"about":[{"href":"https:\/\/festyggdrasil.fr\/index.php\/wp-json\/wp\/v2\/types\/page"}],"author":[{"embeddable":true,"href":"https:\/\/festyggdrasil.fr\/index.php\/wp-json\/wp\/v2\/users\/5"}],"replies":[{"embeddable":true,"href":"https:\/\/festyggdrasil.fr\/index.php\/wp-json\/wp\/v2\/comments?post=32340"}],"version-history":[{"count":22,"href":"https:\/\/festyggdrasil.fr\/index.php\/wp-json\/wp\/v2\/pages\/32340\/revisions"}],"predecessor-version":[{"id":34626,"href":"https:\/\/festyggdrasil.fr\/index.php\/wp-json\/wp\/v2\/pages\/32340\/revisions\/34626"}],"up":[{"embeddable":true,"href":"https:\/\/festyggdrasil.fr\/index.php\/wp-json\/wp\/v2\/pages\/27379"}],"wp:attachment":[{"href":"https:\/\/festyggdrasil.fr\/index.php\/wp-json\/wp\/v2\/media?parent=32340"}],"wp:term":[{"taxonomy":"wf_page_folders","embeddable":true,"href":"https:\/\/festyggdrasil.fr\/index.php\/wp-json\/wp\/v2\/wf_page_folders?post=32340"}],"curies":[{"name":"wp","href":"https:\/\/api.w.org\/{rel}","templated":true}]}}